{"id":1561,"date":"2018-08-06T23:21:15","date_gmt":"2018-08-06T21:21:15","guid":{"rendered":"https:\/\/obliquo.cloud\/obliquo-para-arquitectos\/"},"modified":"2018-09-13T11:48:33","modified_gmt":"2018-09-13T09:48:33","slug":"arquitectura","status":"publish","type":"page","link":"https:\/\/obliquo.cloud\/es\/arquitectura\/","title":{"rendered":"Obliquo para Arquitectura"},"content":{"rendered":"<div class=\"wpb-content-wrapper\"><p>[vc_row full_width=\u00bbstretch_row_content_no_spaces\u00bb full_height=\u00bbyes\u00bb bg_type=\u00bbimage\u00bb parallax_style=\u00bbvcpb-vz-jquery\u00bb bg_image_new=\u00bbid^1551|url^https:\/\/obliquo.cloud\/wp-content\/uploads\/2018\/08\/guggenheim-3355845_1920.jpg|caption^null|alt^null|title^guggenheim-3355845_1920|description^null\u00bb][vc_column width=\u00bb1\/6&#8243;][\/vc_column][vc_column width=\u00bb2\/3&#8243;][vc_custom_heading text=\u00bb<b>obliquo<\/b> para arquitectura\u00bb font_container=\u00bbtag:h2|text_align:left|color:%23ffffff\u00bb google_fonts=\u00bbfont_family:Poiret%20One%3Aregular|font_style:400%20regular%3A400%3Anormal\u00bb][vc_custom_heading text=\u00bbCAD, BIM y SIG unificados\u00bb font_container=\u00bbtag:h1|text_align:left|color:%23ffffff\u00bb google_fonts=\u00bbfont_family:Lato%3A100%2C100italic%2C300%2C300italic%2Cregular%2Citalic%2C700%2C700italic%2C900%2C900italic|font_style:900%20bold%20regular%3A900%3Anormal\u00bb][\/vc_column][vc_column width=\u00bb1\/6&#8243;][\/vc_column][\/vc_row][vc_row css=\u00bb.vc_custom_1529912524370{padding-top: 30px !important;padding-right: 60px !important;padding-bottom: 60px !important;padding-left: 60px !important;}\u00bb][vc_column css=\u00bb.vc_custom_1529912563330{padding-right: 30px !important;padding-left: 30px !important;}\u00bb]<div id=\"ultimate-heading-834069e79d3caf7ee\" class=\"uvc-heading ult-adjust-bottom-margin ultimate-heading-834069e79d3caf7ee uvc-9988 \" data-hspacer=\"no_spacer\"  data-halign=\"left\" style=\"text-align:left\"><div class=\"uvc-heading-spacer no_spacer\" style=\"top\"><\/div><div class=\"uvc-main-heading ult-responsive\"  data-ultimate-target='.uvc-heading.ultimate-heading-834069e79d3caf7ee h1'  data-responsive-json-new='{\"font-size\":\"\",\"line-height\":\"\"}' ><h1 style=\"font-family:&#039;Poiret One&#039;;font-weight:normal;color:#0b9d3c;margin-top:40px;\">Obliquo para Arquitectos<\/h1><\/div><\/div>[vc_custom_heading text=\u00bbLos estudios de arquitectura llevan tiempo empleando sistemas de informaci\u00f3n geogr\u00e1fica para contextualizar el territorio en sus respectivos proyectos y, por tanto, a la aplicaci\u00f3n de est\u00e1ndares apropiados. Ahora las nuevas tecnolog\u00edas les permiten crear un entorno virtual a escala real con los m\u00e1s peque\u00f1os detalles para ayudar en la toma de decisiones y para poder mostrar a sus potenciales clientes el resultado final de una obra antes de haberla iniciado.\u00bb font_container=\u00bbtag:p|font_size:26|text_align:left|color:%23085024|line_height:1.5&#8243; google_fonts=\u00bbfont_family:Lato%3A100%2C100italic%2C300%2C300italic%2Cregular%2Citalic%2C700%2C700italic%2C900%2C900italic|font_style:400%20regular%3A400%3Anormal\u00bb css=\u00bb.vc_custom_1533570473608{padding-top: 30px !important;}\u00bb][\/vc_column][\/vc_row][vc_row bg_type=\u00bbbg_color\u00bb bg_color_value=\u00bb#fafafa\u00bb css=\u00bb.vc_custom_1533145123954{margin-bottom: 30px !important;}\u00bb][vc_column]<div id=\"ultimate-heading-777369e79d3caf880\" class=\"uvc-heading ult-adjust-bottom-margin ultimate-heading-777369e79d3caf880 uvc-7772 \" data-hspacer=\"no_spacer\"  data-halign=\"center\" style=\"text-align:center\"><div class=\"uvc-heading-spacer no_spacer\" style=\"top\"><\/div><div class=\"uvc-main-heading ult-responsive\"  data-ultimate-target='.uvc-heading.ultimate-heading-777369e79d3caf880 h2'  data-responsive-json-new='{\"font-size\":\"\",\"line-height\":\"\"}' ><h2 style=\"font-family:&#039;Lato&#039;;font-weight:normal;margin-bottom:20px;\">Obliquo da soporte a la arquitectura moderna<\/h2><\/div><\/div>[vc_column_text css=\u00bb.vc_custom_1533571356663{padding-right: 40px !important;padding-left: 40px !important;}\u00bb]<\/p>\n<p style=\"text-align: center;\">Obliquo facilita el acceso a informaci\u00f3n geoespacial para cualquier tipo de usuario. Los arquitectos pueden beneficiarse de esta tecnolog\u00eda para mejorar la administraci\u00f3n de datos, lo que redunda en un aumento de la calidad, la productividad, y optimizaci\u00f3n de la gesti\u00f3n de recursos.<\/p>\n<p>[\/vc_column_text]<div id=\"ult-carousel-85495388669e79d3caf9f9\" class=\"ult-carousel-wrapper   ult_horizontal\" data-gutter=\"15\" data-rtl=\"false\" ><div class=\"ult-carousel-85771861069e79d3caf8fc \" >[vc_row_inner css=\u00bb.vc_custom_1533144407514{padding-top: 30px !important;}\u00bb][vc_column_inner width=\u00bb1\/2&#8243;]<div class=\"ult-item-wrap\" data-animation=\"animated no-animation\"><div id=\"ultimate-heading-313669e79d3cafaad\" class=\"uvc-heading ult-adjust-bottom-margin ultimate-heading-313669e79d3cafaad uvc-8221 \" data-hspacer=\"no_spacer\"  data-halign=\"left\" style=\"text-align:left\"><div class=\"uvc-heading-spacer no_spacer\" style=\"top\"><\/div><div class=\"uvc-main-heading ult-responsive\"  data-ultimate-target='.uvc-heading.ultimate-heading-313669e79d3cafaad h3'  data-responsive-json-new='{\"font-size\":\"\",\"line-height\":\"\"}' ><h3 style=\"font-family:&#039;Poiret One&#039;;font-weight:normal;color:#0b9d3c;margin-bottom:20px;\">Mejores decisiones<\/h3><\/div><\/div><\/div>[vc_column_text css=\u00bb.vc_custom_1533571730281{padding-bottom: 30px !important;}\u00bb]Las herramientas de mapeo 3D aportan una experiencia de realidad virtual que comunica con fidelidad los conceptos de dise\u00f1o, mostrando los detalles y las posibles variaciones.<\/p>\n<p>En lugar de utilizar v\u00eddeos o infograf\u00edas, Obliquo permite mostrar los proyectos en forma de escenarios en 3D interactivos.[\/vc_column_text][\/vc_column_inner][vc_column_inner width=\u00bb1\/2&#8243;][vc_single_image image=\u00bb1480&#8243; img_size=\u00bb600&#215;340&#8243; alignment=\u00bbcenter\u00bb style=\u00bbvc_box_shadow\u00bb][\/vc_column_inner][\/vc_row_inner][vc_row_inner css=\u00bb.vc_custom_1533144407514{padding-top: 30px !important;}\u00bb][vc_column_inner width=\u00bb1\/2&#8243;][vc_single_image image=\u00bb1395&#8243; img_size=\u00bb600&#215;340&#8243; alignment=\u00bbright\u00bb style=\u00bbvc_box_shadow\u00bb][\/vc_column_inner][vc_column_inner width=\u00bb1\/2&#8243;]<div class=\"ult-item-wrap\" data-animation=\"animated no-animation\"><div id=\"ultimate-heading-347969e79d3cafb15\" class=\"uvc-heading ult-adjust-bottom-margin ultimate-heading-347969e79d3cafb15 uvc-52 \" data-hspacer=\"no_spacer\"  data-halign=\"left\" style=\"text-align:left\"><div class=\"uvc-heading-spacer no_spacer\" style=\"top\"><\/div><div class=\"uvc-main-heading ult-responsive\"  data-ultimate-target='.uvc-heading.ultimate-heading-347969e79d3cafb15 h3'  data-responsive-json-new='{\"font-size\":\"\",\"line-height\":\"\"}' ><h3 style=\"font-family:&#039;Poiret One&#039;;font-weight:normal;color:#0b9d3c;margin-bottom:20px;\">Acceso a la informaci\u00f3n<\/h3><\/div><\/div><\/div>[vc_column_text css=\u00bb.vc_custom_1533571985989{padding-bottom: 30px !important;}\u00bb]Obliquo permite, de manera simple, la distribuci\u00f3n de los datos geoespaciales y la navegaci\u00f3n por ellos con diferentes dispositivos. Los costosos intercambios de archivos, dif\u00edciles de transferir y lentos para abrir, forman ya parte del pasado.<\/p>\n<p>La plataforma Obliquo ofrece, adem\u00e1s, la posibilidad de compartir online datos y vistas previas con el cliente, con la capacidad de comentar y tomar decisiones en tiempo real.[\/vc_column_text][\/vc_column_inner][\/vc_row_inner]<\/div><\/div>\t\t\t<script type=\"text\/javascript\">\n\t\t\t\tjQuery(document).ready(function ($) {\n\t\t\t\t\tif( typeof jQuery('.ult-carousel-85771861069e79d3caf8fc').slick == \"function\"){\n\t\t\t\t\t\t$('.ult-carousel-85771861069e79d3caf8fc').slick({dots: true,autoplay: true,autoplaySpeed: \"5000\",speed: \"300\",infinite: true,arrows: true,nextArrow: '<button type=\"button\" role=\"button\" aria-label=\"Next\" style=\"color:#333333; font-size:20px;\" class=\"slick-next default\"><i class=\"ultsl-arrow-right4\"><\/i><\/button>',prevArrow: '<button type=\"button\" role=\"button\" aria-label=\"Previous\" style=\"color:#333333; font-size:20px;\" class=\"slick-prev default\"><i class=\"ultsl-arrow-left4\"><\/i><\/button>',slidesToScroll:1,slidesToShow:1,swipe: true,draggable: true,touchMove: true,pauseOnHover: true,pauseOnFocus: false,responsive: [\n\t\t\t\t\t\t\t{\n\t\t\t\t\t\t\t  breakpoint: 1026,\n\t\t\t\t\t\t\t  settings: {\n\t\t\t\t\t\t\t\tslidesToShow: 1,\n\t\t\t\t\t\t\t\tslidesToScroll: 1,  \n\t\t\t\t\t\t\t  }\n\t\t\t\t\t\t\t},\n\t\t\t\t\t\t\t{\n\t\t\t\t\t\t\t  breakpoint: 1025,\n\t\t\t\t\t\t\t  settings: {\n\t\t\t\t\t\t\t\tslidesToShow: 1,\n\t\t\t\t\t\t\t\tslidesToScroll: 1\n\t\t\t\t\t\t\t  }\n\t\t\t\t\t\t\t},\n\t\t\t\t\t\t\t{\n\t\t\t\t\t\t\t  breakpoint: 760,\n\t\t\t\t\t\t\t  settings: {\n\t\t\t\t\t\t\t\tslidesToShow: 1,\n\t\t\t\t\t\t\t\tslidesToScroll: 1\n\t\t\t\t\t\t\t  }\n\t\t\t\t\t\t\t}\n\t\t\t\t\t\t],pauseOnDotsHover: true,customPaging: function(slider, i) {\n                   return '<i type=\"button\" style= \"color:#333333;\" class=\"ultsl-record\" data-role=\"none\"><\/i>';\n                },});\n\t\t\t\t\t}\n\t\t\t\t});\n\t\t\t<\/script>\n\t\t\t[\/vc_column][\/vc_row][vc_row bg_type=\u00bbbg_color\u00bb bg_color_value=\u00bb#fafafa\u00bb css=\u00bb.vc_custom_1533145123954{margin-bottom: 30px !important;}\u00bb][vc_column]<div id=\"ultimate-heading-692169e79d3cafb72\" class=\"uvc-heading ult-adjust-bottom-margin ultimate-heading-692169e79d3cafb72 uvc-7119 \" data-hspacer=\"no_spacer\"  data-halign=\"center\" style=\"text-align:center\"><div class=\"uvc-heading-spacer no_spacer\" style=\"top\"><\/div><div class=\"uvc-main-heading ult-responsive\"  data-ultimate-target='.uvc-heading.ultimate-heading-692169e79d3cafb72 h2'  data-responsive-json-new='{\"font-size\":\"\",\"line-height\":\"\"}' ><h2 style=\"font-family:&#039;Lato&#039;;font-weight:normal;margin-bottom:20px;\">BIM - Building Information Modelling<\/h2><\/div><\/div>[vc_column_text css=\u00bb.vc_custom_1533573474691{padding-right: 40px !important;padding-left: 40px !important;}\u00bb]<\/p>\n<p style=\"text-align: center;\">Building Information Modeling (BIM) es una metodolog\u00eda de trabajo colaborativo para la creaci\u00f3n y gesti\u00f3n de un proyecto de construcci\u00f3n. Su objetivo es centralizar toda la informaci\u00f3n del proyecto en un modelo de informaci\u00f3n digital creado por todos sus agentes.<\/p>\n<p style=\"text-align: center;\">Obliquo integra BIM y SIG en un escenario 3D interactivo que permite a los arquitectos tener el contexto completo para sus proyectos.<\/p>\n<p>[\/vc_column_text]<div id=\"ult-carousel-6008969969e79d3cafbfc\" class=\"ult-carousel-wrapper   ult_horizontal\" data-gutter=\"15\" data-rtl=\"false\" ><div class=\"ult-carousel-89544766069e79d3cafbdb \" >[vc_row_inner css=\u00bb.vc_custom_1533144407514{padding-top: 30px !important;}\u00bb][vc_column_inner width=\u00bb1\/2&#8243;]<div class=\"ult-item-wrap\" data-animation=\"animated no-animation\"><div id=\"ultimate-heading-581069e79d3cafc70\" class=\"uvc-heading ult-adjust-bottom-margin ultimate-heading-581069e79d3cafc70 uvc-2012 \" data-hspacer=\"no_spacer\"  data-halign=\"left\" style=\"text-align:left\"><div class=\"uvc-heading-spacer no_spacer\" style=\"top\"><\/div><div class=\"uvc-main-heading ult-responsive\"  data-ultimate-target='.uvc-heading.ultimate-heading-581069e79d3cafc70 h3'  data-responsive-json-new='{\"font-size\":\"\",\"line-height\":\"\"}' ><h3 style=\"font-family:&#039;Poiret One&#039;;font-weight:normal;color:#0b9d3c;margin-bottom:20px;\">Integraci\u00f3n perfecta<\/h3><\/div><\/div><\/div>[vc_column_text css=\u00bb.vc_custom_1533573746421{padding-bottom: 30px !important;}\u00bb]Los datos BIM y GIS pueden ser visualizados y analizados en un modelo 3D virtual del mundo. Obliquo permite navegar por el proyecto de m\u00faltiples maneras: volando sobre el terreno, caminando, en interiores o bajo tierra.[\/vc_column_text][\/vc_column_inner][vc_column_inner width=\u00bb1\/2&#8243;][vc_single_image image=\u00bb1384&#8243; img_size=\u00bb600&#215;340&#8243; alignment=\u00bbcenter\u00bb style=\u00bbvc_box_shadow\u00bb][\/vc_column_inner][\/vc_row_inner]<\/div><\/div>\t\t\t<script type=\"text\/javascript\">\n\t\t\t\tjQuery(document).ready(function ($) {\n\t\t\t\t\tif( typeof jQuery('.ult-carousel-89544766069e79d3cafbdb').slick == \"function\"){\n\t\t\t\t\t\t$('.ult-carousel-89544766069e79d3cafbdb').slick({dots: true,autoplay: true,autoplaySpeed: \"5000\",speed: \"300\",infinite: true,arrows: true,nextArrow: '<button type=\"button\" role=\"button\" aria-label=\"Next\" style=\"color:#333333; font-size:20px;\" class=\"slick-next default\"><i class=\"ultsl-arrow-right4\"><\/i><\/button>',prevArrow: '<button type=\"button\" role=\"button\" aria-label=\"Previous\" style=\"color:#333333; font-size:20px;\" class=\"slick-prev default\"><i class=\"ultsl-arrow-left4\"><\/i><\/button>',slidesToScroll:1,slidesToShow:1,swipe: true,draggable: true,touchMove: true,pauseOnHover: true,pauseOnFocus: false,responsive: [\n\t\t\t\t\t\t\t{\n\t\t\t\t\t\t\t  breakpoint: 1026,\n\t\t\t\t\t\t\t  settings: {\n\t\t\t\t\t\t\t\tslidesToShow: 1,\n\t\t\t\t\t\t\t\tslidesToScroll: 1,  \n\t\t\t\t\t\t\t  }\n\t\t\t\t\t\t\t},\n\t\t\t\t\t\t\t{\n\t\t\t\t\t\t\t  breakpoint: 1025,\n\t\t\t\t\t\t\t  settings: {\n\t\t\t\t\t\t\t\tslidesToShow: 1,\n\t\t\t\t\t\t\t\tslidesToScroll: 1\n\t\t\t\t\t\t\t  }\n\t\t\t\t\t\t\t},\n\t\t\t\t\t\t\t{\n\t\t\t\t\t\t\t  breakpoint: 760,\n\t\t\t\t\t\t\t  settings: {\n\t\t\t\t\t\t\t\tslidesToShow: 1,\n\t\t\t\t\t\t\t\tslidesToScroll: 1\n\t\t\t\t\t\t\t  }\n\t\t\t\t\t\t\t}\n\t\t\t\t\t\t],pauseOnDotsHover: true,customPaging: function(slider, i) {\n                   return '<i type=\"button\" style= \"color:#333333;\" class=\"ultsl-record\" data-role=\"none\"><\/i>';\n                },});\n\t\t\t\t\t}\n\t\t\t\t});\n\t\t\t<\/script>\n\t\t\t[\/vc_column][\/vc_row][vc_row bg_type=\u00bbbg_color\u00bb css=\u00bb.vc_custom_1529915782973{margin-top: 20px !important;margin-bottom: 20px !important;}\u00bb bg_color_value=\u00bb#fafafa\u00bb][vc_column]<div id=\"ultimate-heading-100569e79d3cafcc5\" class=\"uvc-heading ult-adjust-bottom-margin ultimate-heading-100569e79d3cafcc5 uvc-5775 \" data-hspacer=\"no_spacer\"  data-halign=\"center\" style=\"text-align:center\"><div class=\"uvc-heading-spacer no_spacer\" style=\"top\"><\/div><div class=\"uvc-main-heading ult-responsive\"  data-ultimate-target='.uvc-heading.ultimate-heading-100569e79d3cafcc5 h1'  data-responsive-json-new='{\"font-size\":\"\",\"line-height\":\"\"}' ><h1 style=\"font-family:&#039;Poiret One&#039;;font-weight:normal;color:#0b9d3c;margin-top:40px;\">\u00a1Contacte con nosotros!<\/h1><\/div><\/div>[vc_row_inner css=\u00bb.vc_custom_1530223102946{padding-top: 30px !important;padding-bottom: 30px !important;}\u00bb][vc_column_inner width=\u00bb1\/4&#8243;][\/vc_column_inner][vc_column_inner width=\u00bb1\/2&#8243;]\n<div class=\"wpcf7 no-js\" id=\"wpcf7-f1559-o1\" lang=\"en-US\" dir=\"ltr\">\n<div class=\"screen-reader-response\"><p role=\"status\" aria-live=\"polite\" aria-atomic=\"true\"><\/p> <ul><\/ul><\/div>\n<form action=\"\/es\/wp-json\/wp\/v2\/pages\/1561#wpcf7-f1559-o1\" method=\"post\" class=\"wpcf7-form init\" aria-label=\"Contact form\" novalidate=\"novalidate\" data-status=\"init\">\n<div style=\"display: none;\">\n<input type=\"hidden\" name=\"_wpcf7\" value=\"1559\" \/>\n<input type=\"hidden\" name=\"_wpcf7_version\" value=\"5.9.3\" \/>\n<input type=\"hidden\" name=\"_wpcf7_locale\" value=\"en_US\" \/>\n<input type=\"hidden\" name=\"_wpcf7_unit_tag\" value=\"wpcf7-f1559-o1\" \/>\n<input type=\"hidden\" name=\"_wpcf7_container_post\" value=\"0\" \/>\n<input type=\"hidden\" name=\"_wpcf7_posted_data_hash\" value=\"\" \/>\n<input type=\"hidden\" name=\"_wpcf7_recaptcha_response\" value=\"\" \/>\n<\/div>\n<p><label> Nombre*<br \/>\n<span class=\"wpcf7-form-control-wrap\" data-name=\"your-name\"><input size=\"40\" class=\"wpcf7-form-control wpcf7-text wpcf7-validates-as-required\" aria-required=\"true\" aria-invalid=\"false\" value=\"\" type=\"text\" name=\"your-name\" \/><\/span> <\/label>\n<\/p>\n<p><label> Email*<br \/>\n<span class=\"wpcf7-form-control-wrap\" data-name=\"your-email\"><input size=\"40\" class=\"wpcf7-form-control wpcf7-email wpcf7-validates-as-required wpcf7-text wpcf7-validates-as-email\" aria-required=\"true\" aria-invalid=\"false\" value=\"\" type=\"email\" name=\"your-email\" \/><\/span> <\/label>\n<\/p>\n<p><label> N\u00famero de tel\u00e9fono<br \/>\n<span class=\"wpcf7-form-control-wrap\" data-name=\"your-tel\"><input size=\"40\" class=\"wpcf7-form-control wpcf7-tel wpcf7-text wpcf7-validates-as-tel\" aria-invalid=\"false\" value=\"\" type=\"tel\" name=\"your-tel\" \/><\/span> <\/label>\n<\/p>\n<p><label> Asunto*<br \/>\n<span class=\"wpcf7-form-control-wrap\" data-name=\"your-subject\"><input size=\"40\" class=\"wpcf7-form-control wpcf7-text wpcf7-validates-as-required\" aria-required=\"true\" aria-invalid=\"false\" value=\"\" type=\"text\" name=\"your-subject\" \/><\/span> <\/label>\n<\/p>\n<p><label> Mensaje*<br \/>\n<span class=\"wpcf7-form-control-wrap\" data-name=\"your-message\"><textarea cols=\"40\" rows=\"10\" class=\"wpcf7-form-control wpcf7-textarea wpcf7-validates-as-required\" aria-required=\"true\" aria-invalid=\"false\" name=\"your-message\"><\/textarea><\/span> <\/label>\n<\/p>\n<p><small> Los campos marcados con * son obligatorios <\/small>\n<\/p>\n<p><span class=\"wpcf7-form-control-wrap\" data-name=\"acceptance-privacy-policy\"><span class=\"wpcf7-form-control wpcf7-acceptance\"><span class=\"wpcf7-list-item\"><label><input type=\"checkbox\" name=\"acceptance-privacy-policy\" value=\"1\" aria-invalid=\"false\" \/><span class=\"wpcf7-list-item-label\"><small> He le\u00eddo y acepto la <a href=\"https:\/\/app.termly.io\/document\/privacy-policy\/656d5ba0-5cac-4fd3-91be-5c3099b9137b\">Pol\u00edtica de Privacidad.<\/a> <\/small><\/span><\/label><\/span><\/span><\/span><br \/>\n<span class=\"wpcf7-form-control-wrap\" data-name=\"acceptance-communications\"><span class=\"wpcf7-form-control wpcf7-acceptance\"><span class=\"wpcf7-list-item\"><label><input type=\"checkbox\" name=\"acceptance-communications\" value=\"1\" aria-invalid=\"false\" \/><span class=\"wpcf7-list-item-label\"><small> Acepto recibir Newsletters, invitaciones a eventos y, novedades e informaci\u00f3n sobre productos y servicios. <\/small><\/span><\/label><\/span><\/span><\/span>\n<\/p>\n<p><input class=\"wpcf7-form-control wpcf7-submit has-spinner\" type=\"submit\" value=\"Enviar\" \/>\n<\/p><div class=\"wpcf7-response-output\" aria-hidden=\"true\"><\/div>\n<\/form>\n<\/div>\n[\/vc_column_inner][vc_column_inner width=\u00bb1\/4&#8243;][\/vc_column_inner][\/vc_row_inner][\/vc_column][\/vc_row][vc_row][vc_column][vc_raw_js]JTNDc2NyaXB0JTIwdHlwZSUzRCUyMnRleHQlMkZqYXZhc2NyaXB0JTIyJTNFJTBBZG9jdW1lbnQuYWRkRXZlbnRMaXN0ZW5lciUyOCUyMCUyN3dwY2Y3bWFpbHNlbnQlMjclMkMlMjBmdW5jdGlvbiUyOCUyMGV2ZW50JTIwJTI5JTIwJTdCJTBBJTIwJTIwJTIwJTIwbG9jYXRpb24lMjAlM0QlMjAlMjdodHRwcyUzQSUyRiUyRm9ibGlxdW8uY2xvdWQlMkZmb3JtLWNvbmZpcm1hdGlvbiUyRiUyNyUzQiUwQSU3RCUyQyUyMGZhbHNlJTIwJTI5JTNCJTBBJTNDJTJGc2NyaXB0JTNF[\/vc_raw_js][\/vc_column][\/vc_row]<\/p>\n<\/div>","protected":false},"excerpt":{"rendered":"<p>[vc_row full_width=\u00bbstretch_row_content_no_spaces\u00bb full_height=\u00bbyes\u00bb bg_type=\u00bbimage\u00bb parallax_style=\u00bbvcpb-vz-jquery\u00bb bg_image_new=\u00bbid^1551|url^https:\/\/obliquo.cloud\/wp-content\/uploads\/2018\/08\/guggenheim-3355845_1920.jpg|caption^null|alt^null|title^guggenheim-3355845_1920|description^null\u00bb][vc_column width=\u00bb1\/6&#8243;][\/vc_column][vc_column width=\u00bb2\/3&#8243;][vc_custom_heading text=\u00bbobliquo para arquitectura\u00bb font_container=\u00bbtag:h2|text_align:left|color:%23ffffff\u00bb google_fonts=\u00bbfont_family:Poiret%20One%3Aregular|font_style:400%20regular%3A400%3Anormal\u00bb][vc_custom_heading text=\u00bbCAD, BIM y SIG unificados\u00bb font_container=\u00bbtag:h1|text_align:left|color:%23ffffff\u00bb google_fonts=\u00bbfont_family:Lato%3A100%2C100italic%2C300%2C300italic%2Cregular%2Citalic%2C700%2C700italic%2C900%2C900italic|font_style:900%20bold%20regular%3A900%3Anormal\u00bb][\/vc_column][vc_column width=\u00bb1\/6&#8243;][\/vc_column][\/vc_row][vc_row css=\u00bb.vc_custom_1529912524370{padding-top: 30px !important;padding-right: 60px !important;padding-bottom: 60px !important;padding-left: 60px !important;}\u00bb][vc_column css=\u00bb.vc_custom_1529912563330{padding-right: 30px !important;padding-left: 30px !important;}\u00bb][vc_custom_heading text=\u00bbLos estudios de arquitectura llevan tiempo empleando sistemas de informaci\u00f3n geogr\u00e1fica para contextualizar el territorio en sus respectivos proyectos y,&hellip;<\/p>\n","protected":false},"author":53,"featured_media":0,"parent":0,"menu_order":0,"comment_status":"closed","ping_status":"closed","template":"","meta":{"_et_pb_use_builder":"","_et_pb_old_content":"","_et_gb_content_width":"","om_disable_all_campaigns":false,"_monsterinsights_skip_tracking":false,"_monsterinsights_sitenote_active":false,"_monsterinsights_sitenote_note":"","_monsterinsights_sitenote_category":0,"footnotes":""},"aioseo_notices":[],"_links":{"self":[{"href":"https:\/\/obliquo.cloud\/es\/wp-json\/wp\/v2\/pages\/1561"}],"collection":[{"href":"https:\/\/obliquo.cloud\/es\/wp-json\/wp\/v2\/pages"}],"about":[{"href":"https:\/\/obliquo.cloud\/es\/wp-json\/wp\/v2\/types\/page"}],"author":[{"embeddable":true,"href":"https:\/\/obliquo.cloud\/es\/wp-json\/wp\/v2\/users\/53"}],"replies":[{"embeddable":true,"href":"https:\/\/obliquo.cloud\/es\/wp-json\/wp\/v2\/comments?post=1561"}],"version-history":[{"count":9,"href":"https:\/\/obliquo.cloud\/es\/wp-json\/wp\/v2\/pages\/1561\/revisions"}],"predecessor-version":[{"id":1774,"href":"https:\/\/obliquo.cloud\/es\/wp-json\/wp\/v2\/pages\/1561\/revisions\/1774"}],"wp:attachment":[{"href":"https:\/\/obliquo.cloud\/es\/wp-json\/wp\/v2\/media?parent=1561"}],"curies":[{"name":"wp","href":"https:\/\/api.w.org\/{rel}","templated":true}]}}