{"id":1593,"date":"2018-08-07T12:01:51","date_gmt":"2018-08-07T10:01:51","guid":{"rendered":"https:\/\/obliquo.cloud\/obliquo-para-ingenieria-y-construccion\/"},"modified":"2018-09-13T11:47:14","modified_gmt":"2018-09-13T09:47:14","slug":"ingenieria-y-construccion","status":"publish","type":"page","link":"https:\/\/obliquo.cloud\/es\/ingenieria-y-construccion\/","title":{"rendered":"Obliquo para Ingenier\u00eda y Construcci\u00f3n"},"content":{"rendered":"<div class=\"wpb-content-wrapper\"><p>[vc_row full_width=\u00bbstretch_row_content_no_spaces\u00bb full_height=\u00bbyes\u00bb bg_type=\u00bbimage\u00bb parallax_style=\u00bbvcpb-vz-jquery\u00bb bg_image_new=\u00bbid^1569|url^https:\/\/obliquo.cloud\/wp-content\/uploads\/2018\/08\/highway-2211588_1920.jpg|caption^null|alt^null|title^highway-2211588_1920|description^null\u00bb][vc_column width=\u00bb1\/6&#8243;][\/vc_column][vc_column width=\u00bb2\/3&#8243;][vc_custom_heading text=\u00bb<b>obliquo<\/b> para ingenier\u00eda y construcci\u00f3n\u00bb font_container=\u00bbtag:h2|text_align:left|color:%23ffffff\u00bb google_fonts=\u00bbfont_family:Poiret%20One%3Aregular|font_style:400%20regular%3A400%3Anormal\u00bb][vc_custom_heading text=\u00bbUna forma innovadora de gestionar sus proyectos\u00bb font_container=\u00bbtag:h1|text_align:left|color:%23ffffff\u00bb google_fonts=\u00bbfont_family:Lato%3A100%2C100italic%2C300%2C300italic%2Cregular%2Citalic%2C700%2C700italic%2C900%2C900italic|font_style:900%20bold%20regular%3A900%3Anormal\u00bb][\/vc_column][vc_column width=\u00bb1\/6&#8243;][\/vc_column][\/vc_row][vc_row css=\u00bb.vc_custom_1529912524370{padding-top: 30px !important;padding-right: 60px !important;padding-bottom: 60px !important;padding-left: 60px !important;}\u00bb][vc_column css=\u00bb.vc_custom_1529912563330{padding-right: 30px !important;padding-left: 30px !important;}\u00bb]<div id=\"ultimate-heading-816869e79ce684a31\" class=\"uvc-heading ult-adjust-bottom-margin ultimate-heading-816869e79ce684a31 uvc-3491 \" data-hspacer=\"no_spacer\"  data-halign=\"left\" style=\"text-align:left\"><div class=\"uvc-heading-spacer no_spacer\" style=\"top\"><\/div><div class=\"uvc-main-heading ult-responsive\"  data-ultimate-target='.uvc-heading.ultimate-heading-816869e79ce684a31 h1'  data-responsive-json-new='{\"font-size\":\"\",\"line-height\":\"\"}' ><h1 style=\"font-family:&#039;Poiret One&#039;;font-weight:normal;color:#0b9d3c;margin-top:40px;\">Obliquo para Ingenier\u00eda y Construcci\u00f3n<\/h1><\/div><\/div>[vc_custom_heading text=\u00bbLos sistemas de fotograf\u00eda a\u00e9rea, como los aviones teledirigidos y los sistemas basados en aviones, permiten sobrevolar las zonas donde se est\u00e1 llevando a cabo el proyecto de construcci\u00f3n y obtener im\u00e1genes de muy alta calidad, datos muy valiosos a un coste muy bajo&#8230; Si se realizan capturas peri\u00f3dicas de datos (semana a semana, quincena a quincena, mes a mes), se dispondr\u00e1 de una herramienta muy potente para controlar el proyecto, adem\u00e1s de mantener la trazabilidad de la ejecuci\u00f3n disponiendo de informaci\u00f3n hist\u00f3rica de toda la ejecuci\u00f3n. Una de las principales fortalezas de Obliquo es la capacidad de gestionar grandes cantidades de datos geoespaciales y localizados, haci\u00e9ndolos accesibles a todos los grupos de inter\u00e9s y proporcion\u00e1ndoles herramientas de an\u00e1lisis para ayudarles en sus decisiones.\u00bb font_container=\u00bbtag:p|font_size:26|text_align:left|color:%23085024|line_height:1.5&#8243; google_fonts=\u00bbfont_family:Lato%3A100%2C100italic%2C300%2C300italic%2Cregular%2Citalic%2C700%2C700italic%2C900%2C900italic|font_style:400%20regular%3A400%3Anormal\u00bb css=\u00bb.vc_custom_1533592547019{padding-top: 30px !important;}\u00bb][\/vc_column][\/vc_row][vc_row bg_type=\u00bbbg_color\u00bb bg_color_value=\u00bb#fafafa\u00bb css=\u00bb.vc_custom_1533145123954{margin-bottom: 30px !important;}\u00bb][vc_column]<div id=\"ultimate-heading-362969e79ce684b04\" class=\"uvc-heading ult-adjust-bottom-margin ultimate-heading-362969e79ce684b04 uvc-1445 \" data-hspacer=\"no_spacer\"  data-halign=\"center\" style=\"text-align:center\"><div class=\"uvc-heading-spacer no_spacer\" style=\"top\"><\/div><div class=\"uvc-main-heading ult-responsive\"  data-ultimate-target='.uvc-heading.ultimate-heading-362969e79ce684b04 h2'  data-responsive-json-new='{\"font-size\":\"\",\"line-height\":\"\"}' ><h2 style=\"font-family:&#039;Lato&#039;;font-weight:normal;margin-bottom:20px;\">Soluciones geoespaciales para proyectos de Ingenier\u00eda y Construcci\u00f3n<\/h2><\/div><\/div>[vc_column_text css=\u00bb.vc_custom_1533592915092{padding-right: 40px !important;padding-left: 40px !important;}\u00bb]<\/p>\n<p style=\"text-align: center;\">Obliquo permite proponer soluciones hasta ahora inexistentes, para que el avance de un proyecto de construcci\u00f3n pueda ser seguido casi en tiempo real. Cuanto mejores sean las herramientas de seguimiento y control del proyecto, menores ser\u00e1n los riesgos, m\u00e1s pronto se detectar\u00e1n las desviaciones del plan y se podr\u00e1n tomar medidas correctivas para completar el proyecto de forma eficiente.<\/p>\n<p>[\/vc_column_text]<div id=\"ult-carousel-254014527869e79ce684da8\" class=\"ult-carousel-wrapper   ult_horizontal\" data-gutter=\"15\" data-rtl=\"false\" ><div class=\"ult-carousel-374899626969e79ce684c07 \" >[vc_row_inner css=\u00bb.vc_custom_1533144407514{padding-top: 30px !important;}\u00bb][vc_column_inner width=\u00bb1\/2&#8243;]<div class=\"ult-item-wrap\" data-animation=\"animated no-animation\"><div id=\"ultimate-heading-602969e79ce684f0b\" class=\"uvc-heading ult-adjust-bottom-margin ultimate-heading-602969e79ce684f0b uvc-1674 \" data-hspacer=\"no_spacer\"  data-halign=\"left\" style=\"text-align:left\"><div class=\"uvc-heading-spacer no_spacer\" style=\"top\"><\/div><div class=\"uvc-main-heading ult-responsive\"  data-ultimate-target='.uvc-heading.ultimate-heading-602969e79ce684f0b h3'  data-responsive-json-new='{\"font-size\":\"\",\"line-height\":\"\"}' ><h3 style=\"font-family:&#039;Poiret One&#039;;font-weight:normal;color:#0b9d3c;margin-bottom:20px;\">Almacenamiento en nube ilimitado<\/h3><\/div><\/div><\/div>[vc_column_text css=\u00bb.vc_custom_1533593371041{padding-bottom: 30px !important;}\u00bb]El almacenamiento basado en la nube proporciona una capacidad casi ilimitada para sus datos, ahorr\u00e1ndole mucho dinero en costes de TI y mantenimiento.<\/p>\n<p>Obliquo puede almacenar la mayor\u00eda de los datos geoespaciales m\u00e1s comunes dentro de su nube privada, por lo que no tiene que preocuparse de formatos, sistemas de proyecci\u00f3n, etc. S\u00f3lo tiene que subir sus datos a Obliquo y nosotros haremos el resto.[\/vc_column_text][\/vc_column_inner][vc_column_inner width=\u00bb1\/2&#8243;][vc_single_image image=\u00bb1590&#8243; img_size=\u00bb600&#215;340&#8243; alignment=\u00bbcenter\u00bb style=\u00bbvc_box_shadow\u00bb][\/vc_column_inner][\/vc_row_inner][vc_row_inner css=\u00bb.vc_custom_1533144407514{padding-top: 30px !important;}\u00bb][vc_column_inner width=\u00bb1\/2&#8243;][vc_single_image image=\u00bb1586&#8243; img_size=\u00bb600&#215;340&#8243; alignment=\u00bbright\u00bb][\/vc_column_inner][vc_column_inner width=\u00bb1\/2&#8243;]<div class=\"ult-item-wrap\" data-animation=\"animated no-animation\"><div id=\"ultimate-heading-571769e79ce684fae\" class=\"uvc-heading ult-adjust-bottom-margin ultimate-heading-571769e79ce684fae uvc-8383 \" data-hspacer=\"no_spacer\"  data-halign=\"left\" style=\"text-align:left\"><div class=\"uvc-heading-spacer no_spacer\" style=\"top\"><\/div><div class=\"uvc-main-heading ult-responsive\"  data-ultimate-target='.uvc-heading.ultimate-heading-571769e79ce684fae h3'  data-responsive-json-new='{\"font-size\":\"\",\"line-height\":\"\"}' ><h3 style=\"font-family:&#039;Poiret One&#039;;font-weight:normal;color:#0b9d3c;margin-bottom:20px;\">Informaci\u00f3n accesible<\/h3><\/div><\/div><\/div>[vc_column_text css=\u00bb.vc_custom_1533571985989{padding-bottom: 30px !important;}\u00bb]Obliquo permite, de forma sencilla, la distribuci\u00f3n de datos geoespaciales y la navegaci\u00f3n a trav\u00e9s de ellos con diferentes dispositivos. El costoso uso compartido de archivos, dif\u00edcil de transferir y lento de abrir, ya es cosa del pasado.<\/p>\n<p>La plataforma Obliquo tambi\u00e9n ofrece la posibilidad de compartir datos y previsualizaciones con el cliente online, con la posibilidad de comentar y tomar decisiones en tiempo real.[\/vc_column_text][\/vc_column_inner][\/vc_row_inner][vc_row_inner css=\u00bb.vc_custom_1533144407514{padding-top: 30px !important;}\u00bb][vc_column_inner width=\u00bb1\/2&#8243;]<div class=\"ult-item-wrap\" data-animation=\"animated no-animation\"><div id=\"ultimate-heading-801469e79ce685030\" class=\"uvc-heading ult-adjust-bottom-margin ultimate-heading-801469e79ce685030 uvc-9134 \" data-hspacer=\"no_spacer\"  data-halign=\"left\" style=\"text-align:left\"><div class=\"uvc-heading-spacer no_spacer\" style=\"top\"><\/div><div class=\"uvc-main-heading ult-responsive\"  data-ultimate-target='.uvc-heading.ultimate-heading-801469e79ce685030 h3'  data-responsive-json-new='{\"font-size\":\"\",\"line-height\":\"\"}' ><h3 style=\"font-family:&#039;Poiret One&#039;;font-weight:normal;color:#0b9d3c;margin-bottom:20px;\">Trabajo en equipo<\/h3><\/div><\/div><\/div>[vc_column_text css=\u00bb.vc_custom_1533593698148{padding-bottom: 30px !important;}\u00bb]Todo su equipo puede acceder a la misma informaci\u00f3n y todos pueden ver el progreso del proyecto.<\/p>\n<p>El director de obra, el director de seguridad, los t\u00e9cnicos, incluso los directores financieros, la alta direcci\u00f3n y el cliente pueden ver una r\u00e9plica digital del estado del proyecto en cualquier momento e interactuar con \u00e9l de forma sencilla.[\/vc_column_text][\/vc_column_inner][vc_column_inner width=\u00bb1\/2&#8243;][vc_single_image image=\u00bb1588&#8243; img_size=\u00bb600&#215;340&#8243; alignment=\u00bbright\u00bb][\/vc_column_inner][\/vc_row_inner]<\/div><\/div>\t\t\t<script type=\"text\/javascript\">\n\t\t\t\tjQuery(document).ready(function ($) {\n\t\t\t\t\tif( typeof jQuery('.ult-carousel-374899626969e79ce684c07').slick == \"function\"){\n\t\t\t\t\t\t$('.ult-carousel-374899626969e79ce684c07').slick({dots: true,autoplay: true,autoplaySpeed: \"5000\",speed: \"300\",infinite: true,arrows: true,nextArrow: '<button type=\"button\" role=\"button\" aria-label=\"Next\" style=\"color:#333333; font-size:20px;\" class=\"slick-next default\"><i class=\"ultsl-arrow-right4\"><\/i><\/button>',prevArrow: '<button type=\"button\" role=\"button\" aria-label=\"Previous\" style=\"color:#333333; font-size:20px;\" class=\"slick-prev default\"><i class=\"ultsl-arrow-left4\"><\/i><\/button>',slidesToScroll:1,slidesToShow:1,swipe: true,draggable: true,touchMove: true,pauseOnHover: true,pauseOnFocus: false,responsive: [\n\t\t\t\t\t\t\t{\n\t\t\t\t\t\t\t  breakpoint: 1026,\n\t\t\t\t\t\t\t  settings: {\n\t\t\t\t\t\t\t\tslidesToShow: 1,\n\t\t\t\t\t\t\t\tslidesToScroll: 1,  \n\t\t\t\t\t\t\t  }\n\t\t\t\t\t\t\t},\n\t\t\t\t\t\t\t{\n\t\t\t\t\t\t\t  breakpoint: 1025,\n\t\t\t\t\t\t\t  settings: {\n\t\t\t\t\t\t\t\tslidesToShow: 1,\n\t\t\t\t\t\t\t\tslidesToScroll: 1\n\t\t\t\t\t\t\t  }\n\t\t\t\t\t\t\t},\n\t\t\t\t\t\t\t{\n\t\t\t\t\t\t\t  breakpoint: 760,\n\t\t\t\t\t\t\t  settings: {\n\t\t\t\t\t\t\t\tslidesToShow: 1,\n\t\t\t\t\t\t\t\tslidesToScroll: 1\n\t\t\t\t\t\t\t  }\n\t\t\t\t\t\t\t}\n\t\t\t\t\t\t],pauseOnDotsHover: true,customPaging: function(slider, i) {\n                   return '<i type=\"button\" style= \"color:#333333;\" class=\"ultsl-record\" data-role=\"none\"><\/i>';\n                },});\n\t\t\t\t\t}\n\t\t\t\t});\n\t\t\t<\/script>\n\t\t\t[\/vc_column][\/vc_row][vc_row bg_type=\u00bbbg_color\u00bb css=\u00bb.vc_custom_1529915782973{margin-top: 20px !important;margin-bottom: 20px !important;}\u00bb bg_color_value=\u00bb#fafafa\u00bb][vc_column]<div id=\"ultimate-heading-520369e79ce6850f3\" class=\"uvc-heading ult-adjust-bottom-margin ultimate-heading-520369e79ce6850f3 uvc-9872 \" data-hspacer=\"no_spacer\"  data-halign=\"center\" style=\"text-align:center\"><div class=\"uvc-heading-spacer no_spacer\" style=\"top\"><\/div><div class=\"uvc-main-heading ult-responsive\"  data-ultimate-target='.uvc-heading.ultimate-heading-520369e79ce6850f3 h1'  data-responsive-json-new='{\"font-size\":\"\",\"line-height\":\"\"}' ><h1 style=\"font-family:&#039;Poiret One&#039;;font-weight:normal;color:#0b9d3c;margin-top:40px;\">\u00a1Contacte con nosotros!<\/h1><\/div><\/div>[vc_row_inner css=\u00bb.vc_custom_1530223102946{padding-top: 30px !important;padding-bottom: 30px !important;}\u00bb][vc_column_inner width=\u00bb1\/4&#8243;][\/vc_column_inner][vc_column_inner width=\u00bb1\/2&#8243;]\n<div class=\"wpcf7 no-js\" id=\"wpcf7-f1596-o1\" lang=\"en-US\" dir=\"ltr\">\n<div class=\"screen-reader-response\"><p role=\"status\" aria-live=\"polite\" aria-atomic=\"true\"><\/p> <ul><\/ul><\/div>\n<form action=\"\/es\/wp-json\/wp\/v2\/pages\/1593#wpcf7-f1596-o1\" method=\"post\" class=\"wpcf7-form init\" aria-label=\"Contact form\" novalidate=\"novalidate\" data-status=\"init\">\n<div style=\"display: none;\">\n<input type=\"hidden\" name=\"_wpcf7\" value=\"1596\" \/>\n<input type=\"hidden\" name=\"_wpcf7_version\" value=\"5.9.3\" \/>\n<input type=\"hidden\" name=\"_wpcf7_locale\" value=\"en_US\" \/>\n<input type=\"hidden\" name=\"_wpcf7_unit_tag\" value=\"wpcf7-f1596-o1\" \/>\n<input type=\"hidden\" name=\"_wpcf7_container_post\" value=\"0\" \/>\n<input type=\"hidden\" name=\"_wpcf7_posted_data_hash\" value=\"\" \/>\n<input type=\"hidden\" name=\"_wpcf7_recaptcha_response\" value=\"\" \/>\n<\/div>\n<p><label> Nombre*<br \/>\n<span class=\"wpcf7-form-control-wrap\" data-name=\"your-name\"><input size=\"40\" class=\"wpcf7-form-control wpcf7-text wpcf7-validates-as-required\" aria-required=\"true\" aria-invalid=\"false\" value=\"\" type=\"text\" name=\"your-name\" \/><\/span> <\/label>\n<\/p>\n<p><label> Email*<br \/>\n<span class=\"wpcf7-form-control-wrap\" data-name=\"your-email\"><input size=\"40\" class=\"wpcf7-form-control wpcf7-email wpcf7-validates-as-required wpcf7-text wpcf7-validates-as-email\" aria-required=\"true\" aria-invalid=\"false\" value=\"\" type=\"email\" name=\"your-email\" \/><\/span> <\/label>\n<\/p>\n<p><label> N\u00famero de tel\u00e9fono<br \/>\n<span class=\"wpcf7-form-control-wrap\" data-name=\"your-tel\"><input size=\"40\" class=\"wpcf7-form-control wpcf7-tel wpcf7-text wpcf7-validates-as-tel\" aria-invalid=\"false\" value=\"\" type=\"tel\" name=\"your-tel\" \/><\/span> <\/label>\n<\/p>\n<p><label> Asunto*<br \/>\n<span class=\"wpcf7-form-control-wrap\" data-name=\"your-subject\"><input size=\"40\" class=\"wpcf7-form-control wpcf7-text wpcf7-validates-as-required\" aria-required=\"true\" aria-invalid=\"false\" value=\"\" type=\"text\" name=\"your-subject\" \/><\/span> <\/label>\n<\/p>\n<p><label> Mensaje*<br \/>\n<span class=\"wpcf7-form-control-wrap\" data-name=\"your-message\"><textarea cols=\"40\" rows=\"10\" class=\"wpcf7-form-control wpcf7-textarea wpcf7-validates-as-required\" aria-required=\"true\" aria-invalid=\"false\" name=\"your-message\"><\/textarea><\/span> <\/label>\n<\/p>\n<p><small> Los campos marcados con * son obligatorios <\/small>\n<\/p>\n<p><span class=\"wpcf7-form-control-wrap\" data-name=\"acceptance-privacy-policy\"><span class=\"wpcf7-form-control wpcf7-acceptance\"><span class=\"wpcf7-list-item\"><label><input type=\"checkbox\" name=\"acceptance-privacy-policy\" value=\"1\" aria-invalid=\"false\" \/><span class=\"wpcf7-list-item-label\">He le\u00eddo y acepto la <a href=\"https:\/\/app.termly.io\/document\/privacy-policy\/656d5ba0-5cac-4fd3-91be-5c3099b9137b\">Pol\u00edtica de Privacidad.<\/a><\/span><\/label><\/span><\/span><\/span><br \/>\n<span class=\"wpcf7-form-control-wrap\" data-name=\"acceptance-communications\"><span class=\"wpcf7-form-control wpcf7-acceptance\"><span class=\"wpcf7-list-item\"><label><input type=\"checkbox\" name=\"acceptance-communications\" value=\"1\" aria-invalid=\"false\" \/><span class=\"wpcf7-list-item-label\">Acepto recibir Newsletters, invitaciones a eventos y, novedades e informaci\u00f3n sobre productos y servicios.<\/span><\/label><\/span><\/span><\/span>\n<\/p>\n<p><input class=\"wpcf7-form-control wpcf7-submit has-spinner\" type=\"submit\" value=\"Enviar\" \/>\n<\/p><div class=\"wpcf7-response-output\" aria-hidden=\"true\"><\/div>\n<\/form>\n<\/div>\n[\/vc_column_inner][vc_column_inner width=\u00bb1\/4&#8243;][\/vc_column_inner][\/vc_row_inner][\/vc_column][\/vc_row][vc_row][vc_column][vc_raw_js]JTNDc2NyaXB0JTIwdHlwZSUzRCUyMnRleHQlMkZqYXZhc2NyaXB0JTIyJTNFJTBBZG9jdW1lbnQuYWRkRXZlbnRMaXN0ZW5lciUyOCUyMCUyN3dwY2Y3bWFpbHNlbnQlMjclMkMlMjBmdW5jdGlvbiUyOCUyMGV2ZW50JTIwJTI5JTIwJTdCJTBBJTIwJTIwJTIwJTIwbG9jYXRpb24lMjAlM0QlMjAlMjdodHRwcyUzQSUyRiUyRm9ibGlxdW8uY2xvdWQlMkZmb3JtLWNvbmZpcm1hdGlvbiUyRiUyNyUzQiUwQSU3RCUyQyUyMGZhbHNlJTIwJTI5JTNCJTBBJTNDJTJGc2NyaXB0JTNF[\/vc_raw_js][\/vc_column][\/vc_row]<\/p>\n<\/div>","protected":false},"excerpt":{"rendered":"<p>[vc_row full_width=\u00bbstretch_row_content_no_spaces\u00bb full_height=\u00bbyes\u00bb bg_type=\u00bbimage\u00bb parallax_style=\u00bbvcpb-vz-jquery\u00bb bg_image_new=\u00bbid^1569|url^https:\/\/obliquo.cloud\/wp-content\/uploads\/2018\/08\/highway-2211588_1920.jpg|caption^null|alt^null|title^highway-2211588_1920|description^null\u00bb][vc_column width=\u00bb1\/6&#8243;][\/vc_column][vc_column width=\u00bb2\/3&#8243;][vc_custom_heading text=\u00bbobliquo para ingenier\u00eda y construcci\u00f3n\u00bb font_container=\u00bbtag:h2|text_align:left|color:%23ffffff\u00bb google_fonts=\u00bbfont_family:Poiret%20One%3Aregular|font_style:400%20regular%3A400%3Anormal\u00bb][vc_custom_heading text=\u00bbUna forma innovadora de gestionar sus proyectos\u00bb font_container=\u00bbtag:h1|text_align:left|color:%23ffffff\u00bb google_fonts=\u00bbfont_family:Lato%3A100%2C100italic%2C300%2C300italic%2Cregular%2Citalic%2C700%2C700italic%2C900%2C900italic|font_style:900%20bold%20regular%3A900%3Anormal\u00bb][\/vc_column][vc_column width=\u00bb1\/6&#8243;][\/vc_column][\/vc_row][vc_row css=\u00bb.vc_custom_1529912524370{padding-top: 30px !important;padding-right: 60px !important;padding-bottom: 60px !important;padding-left: 60px !important;}\u00bb][vc_column css=\u00bb.vc_custom_1529912563330{padding-right: 30px !important;padding-left: 30px !important;}\u00bb][vc_custom_heading text=\u00bbLos sistemas de fotograf\u00eda a\u00e9rea, como los aviones teledirigidos y los sistemas basados en aviones, permiten&hellip;<\/p>\n","protected":false},"author":53,"featured_media":0,"parent":0,"menu_order":0,"comment_status":"closed","ping_status":"closed","template":"","meta":{"_et_pb_use_builder":"","_et_pb_old_content":"","_et_gb_content_width":"","om_disable_all_campaigns":false,"_monsterinsights_skip_tracking":false,"_monsterinsights_sitenote_active":false,"_monsterinsights_sitenote_note":"","_monsterinsights_sitenote_category":0,"footnotes":""},"aioseo_notices":[],"_links":{"self":[{"href":"https:\/\/obliquo.cloud\/es\/wp-json\/wp\/v2\/pages\/1593"}],"collection":[{"href":"https:\/\/obliquo.cloud\/es\/wp-json\/wp\/v2\/pages"}],"about":[{"href":"https:\/\/obliquo.cloud\/es\/wp-json\/wp\/v2\/types\/page"}],"author":[{"embeddable":true,"href":"https:\/\/obliquo.cloud\/es\/wp-json\/wp\/v2\/users\/53"}],"replies":[{"embeddable":true,"href":"https:\/\/obliquo.cloud\/es\/wp-json\/wp\/v2\/comments?post=1593"}],"version-history":[{"count":7,"href":"https:\/\/obliquo.cloud\/es\/wp-json\/wp\/v2\/pages\/1593\/revisions"}],"predecessor-version":[{"id":1773,"href":"https:\/\/obliquo.cloud\/es\/wp-json\/wp\/v2\/pages\/1593\/revisions\/1773"}],"wp:attachment":[{"href":"https:\/\/obliquo.cloud\/es\/wp-json\/wp\/v2\/media?parent=1593"}],"curies":[{"name":"wp","href":"https:\/\/api.w.org\/{rel}","templated":true}]}}