{"id":1631,"date":"2018-08-07T15:41:49","date_gmt":"2018-08-07T13:41:49","guid":{"rendered":"https:\/\/obliquo.cloud\/obliquo-para-el-turismo\/"},"modified":"2018-09-05T21:03:30","modified_gmt":"2018-09-05T19:03:30","slug":"gis-para-el-turismo","status":"publish","type":"page","link":"https:\/\/obliquo.cloud\/es\/gis-para-el-turismo\/","title":{"rendered":"Obliquo para el Turismo"},"content":{"rendered":"<div class=\"wpb-content-wrapper\"><p>[vc_row full_width=\u00bbstretch_row_content_no_spaces\u00bb full_height=\u00bbyes\u00bb bg_type=\u00bbimage\u00bb parallax_style=\u00bbvcpb-vz-jquery\u00bb bg_image_new=\u00bbid^1616|url^https:\/\/obliquo.cloud\/wp-content\/uploads\/2018\/08\/photos-1150076_1920.jpg|caption^null|alt^null|title^photos-1150076_1920|description^null\u00bb][vc_column width=\u00bb1\/6&#8243;][\/vc_column][vc_column width=\u00bb2\/3&#8243;][vc_custom_heading text=\u00bb<b>obliquo<\/b> para el turismo\u00bb font_container=\u00bbtag:h2|text_align:left|color:%23ffffff\u00bb google_fonts=\u00bbfont_family:Poiret%20One%3Aregular|font_style:400%20regular%3A400%3Anormal\u00bb][vc_custom_heading text=\u00bbPlanificaci\u00f3n y promoci\u00f3n tur\u00edstica\u00bb font_container=\u00bbtag:h1|text_align:left|color:%23ffffff\u00bb google_fonts=\u00bbfont_family:Lato%3A100%2C100italic%2C300%2C300italic%2Cregular%2Citalic%2C700%2C700italic%2C900%2C900italic|font_style:900%20bold%20regular%3A900%3Anormal\u00bb][\/vc_column][vc_column width=\u00bb1\/6&#8243;][\/vc_column][\/vc_row][vc_row css=\u00bb.vc_custom_1529912524370{padding-top: 30px !important;padding-right: 60px !important;padding-bottom: 60px !important;padding-left: 60px !important;}\u00bb][vc_column css=\u00bb.vc_custom_1529912563330{padding-right: 30px !important;padding-left: 30px !important;}\u00bb]<div id=\"ultimate-heading-411969d695a37e7c0\" class=\"uvc-heading ult-adjust-bottom-margin ultimate-heading-411969d695a37e7c0 uvc-8944 \" data-hspacer=\"no_spacer\"  data-halign=\"left\" style=\"text-align:left\"><div class=\"uvc-heading-spacer no_spacer\" style=\"top\"><\/div><div class=\"uvc-main-heading ult-responsive\"  data-ultimate-target='.uvc-heading.ultimate-heading-411969d695a37e7c0 h1'  data-responsive-json-new='{\"font-size\":\"\",\"line-height\":\"\"}' ><h1 style=\"font-family:&#039;Poiret One&#039;;font-weight:normal;color:#0b9d3c;margin-top:40px;\">Obliquo para el Turismo<\/h1><\/div><\/div>[vc_custom_heading text=\u00bbLas aplicaciones GIS basadas en la nube y centradas en el turismo han revolucionado, a un ritmo cada vez m\u00e1s acelerado, el modo de disfrutar del ocio, del que la informaci\u00f3n geogr\u00e1fica ya es una parte inseparable. Obliquo le permite integrar sus sistemas y aplicaciones con el entorno virtual m\u00e1s realista para ofrecer servicios avanzados a sus clientes o tomar las mejores decisiones de negocio para mejorar su oferta tur\u00edstica.\u00bb font_container=\u00bbtag:p|font_size:26|text_align:left|color:%23085024|line_height:1.5&#8243; google_fonts=\u00bbfont_family:Lato%3A100%2C100italic%2C300%2C300italic%2Cregular%2Citalic%2C700%2C700italic%2C900%2C900italic|font_style:400%20regular%3A400%3Anormal\u00bb css=\u00bb.vc_custom_1533638701930{padding-top: 30px !important;}\u00bb][\/vc_column][\/vc_row][vc_row bg_type=\u00bbbg_color\u00bb bg_color_value=\u00bb#fafafa\u00bb css=\u00bb.vc_custom_1533145123954{margin-bottom: 30px !important;}\u00bb][vc_column]<div id=\"ultimate-heading-837469d695a37e870\" class=\"uvc-heading ult-adjust-bottom-margin ultimate-heading-837469d695a37e870 uvc-9656 \" data-hspacer=\"no_spacer\"  data-halign=\"center\" style=\"text-align:center\"><div class=\"uvc-heading-spacer no_spacer\" style=\"top\"><\/div><div class=\"uvc-main-heading ult-responsive\"  data-ultimate-target='.uvc-heading.ultimate-heading-837469d695a37e870 h2'  data-responsive-json-new='{\"font-size\":\"\",\"line-height\":\"\"}' ><h2 style=\"font-family:&#039;Lato&#039;;font-weight:normal;margin-bottom:20px;\">Aplicaciones tur\u00edsticas innovadoras<\/h2><\/div><\/div>[vc_column_text css=\u00bb.vc_custom_1533639422981{padding-right: 40px !important;padding-left: 40px !important;}\u00bb]<\/p>\n<p style=\"text-align: center;\">El desarrollo del turismo implica ingresos que no s\u00f3lo afectan a las actividades directamente involucradas, sino tambi\u00e9n a una pluralidad de sectores y servicios. La aplicaci\u00f3n de la tecnolog\u00eda de SIG en la nube al turismo ofrece un considerable efecto multiplicador.<br \/>\nLas ciudades inteligentes e interconectadas con sus habitantes son una realidad. De la misma manera que Obliquo se utiliza para la gesti\u00f3n de la ciudad, tambi\u00e9n se pueden llevar a cabo proyectos relacionados con la cultura y el marketing, con aplicaciones a la industria del turismo, la hosteler\u00eda y el ocio.<\/p>\n<p>[\/vc_column_text]<div id=\"ult-carousel-200877271769d695a37ea72\" class=\"ult-carousel-wrapper   ult_horizontal\" data-gutter=\"15\" data-rtl=\"false\" ><div class=\"ult-carousel-337158967969d695a37e91a \" >[vc_row_inner css=\u00bb.vc_custom_1533144407514{padding-top: 30px !important;}\u00bb][vc_column_inner width=\u00bb1\/2&#8243;]<div class=\"ult-item-wrap\" data-animation=\"animated no-animation\"><div id=\"ultimate-heading-53269d695a37eb69\" class=\"uvc-heading ult-adjust-bottom-margin ultimate-heading-53269d695a37eb69 uvc-4489 \" data-hspacer=\"no_spacer\"  data-halign=\"left\" style=\"text-align:left\"><div class=\"uvc-heading-spacer no_spacer\" style=\"top\"><\/div><div class=\"uvc-main-heading ult-responsive\"  data-ultimate-target='.uvc-heading.ultimate-heading-53269d695a37eb69 h3'  data-responsive-json-new='{\"font-size\":\"\",\"line-height\":\"\"}' ><h3 style=\"font-family:&#039;Poiret One&#039;;font-weight:normal;color:#0b9d3c;margin-bottom:20px;\">Visitas virtuales<\/h3><\/div><\/div><\/div>[vc_column_text css=\u00bb.vc_custom_1533640451322{padding-bottom: 30px !important;}\u00bb]Los tours de Realidad Virtual son una de las formas m\u00e1s nuevas y mejores de atraer a turistas de la vida real.<\/p>\n<p>Obliquo le proporciona las herramientas necesarias para mostrar una r\u00e9plica 3D realista de su lugar tur\u00edstico, de modo que usted puede dar a la gente una vista previa y la comprensi\u00f3n de lo que experimentar\u00edan si fueran a visitar f\u00edsicamente.<\/p>\n<p>En lugar de navegar a trav\u00e9s de una tonelada de sitios web, sus visitantes aprender\u00e1n m\u00e1s sobre la ubicaci\u00f3n en un entorno totalmente inmersivo.[\/vc_column_text][\/vc_column_inner][vc_column_inner width=\u00bb1\/2&#8243;][vc_single_image image=\u00bb1628&#8243; img_size=\u00bb600&#215;340&#8243; alignment=\u00bbcenter\u00bb style=\u00bbvc_box_shadow\u00bb][\/vc_column_inner][\/vc_row_inner][vc_row_inner css=\u00bb.vc_custom_1533144407514{padding-top: 30px !important;}\u00bb][vc_column_inner width=\u00bb1\/2&#8243;][vc_single_image image=\u00bb1621&#8243; img_size=\u00bb600&#215;340&#8243; alignment=\u00bbright\u00bb][\/vc_column_inner][vc_column_inner width=\u00bb1\/2&#8243;]<div class=\"ult-item-wrap\" data-animation=\"animated no-animation\"><div id=\"ultimate-heading-240369d695a37ebd4\" class=\"uvc-heading ult-adjust-bottom-margin ultimate-heading-240369d695a37ebd4 uvc-7148 \" data-hspacer=\"no_spacer\"  data-halign=\"left\" style=\"text-align:left\"><div class=\"uvc-heading-spacer no_spacer\" style=\"top\"><\/div><div class=\"uvc-main-heading ult-responsive\"  data-ultimate-target='.uvc-heading.ultimate-heading-240369d695a37ebd4 h3'  data-responsive-json-new='{\"font-size\":\"\",\"line-height\":\"\"}' ><h3 style=\"font-family:&#039;Poiret One&#039;;font-weight:normal;color:#0b9d3c;margin-bottom:20px;\">Planificar viajes<\/h3><\/div><\/div><\/div>[vc_column_text css=\u00bb.vc_custom_1533640678872{padding-bottom: 30px !important;}\u00bb]Los tours virtuales de Obliquo son efectivos no s\u00f3lo para atraer a la gente a visitar un \u00e1rea, sino tambi\u00e9n para ayudarles a planear lo que van a hacer y c\u00f3mo van a pasar su tiempo una vez que est\u00e9n all\u00ed.<\/p>\n<p>Incorporar las visitas virtuales de Obliquo en su proceso de planificaci\u00f3n puede ser de gran ayuda. Es una herramienta incre\u00edble que te permite probar un \u00e1rea o actividad antes de decidirte a ir.[\/vc_column_text][\/vc_column_inner][\/vc_row_inner][vc_row_inner css=\u00bb.vc_custom_1533144407514{padding-top: 30px !important;}\u00bb][vc_column_inner width=\u00bb1\/2&#8243;]<div class=\"ult-item-wrap\" data-animation=\"animated no-animation\"><div id=\"ultimate-heading-881769d695a37ec21\" class=\"uvc-heading ult-adjust-bottom-margin ultimate-heading-881769d695a37ec21 uvc-9099 \" data-hspacer=\"no_spacer\"  data-halign=\"left\" style=\"text-align:left\"><div class=\"uvc-heading-spacer no_spacer\" style=\"top\"><\/div><div class=\"uvc-main-heading ult-responsive\"  data-ultimate-target='.uvc-heading.ultimate-heading-881769d695a37ec21 h3'  data-responsive-json-new='{\"font-size\":\"\",\"line-height\":\"\"}' ><h3 style=\"font-family:&#039;Poiret One&#039;;font-weight:normal;color:#0b9d3c;margin-bottom:20px;\">Agencias de viajes<\/h3><\/div><\/div><\/div>[vc_column_text css=\u00bb.vc_custom_1533641582249{padding-bottom: 30px !important;}\u00bb]Se han integrado sistemas de cartograf\u00eda GIS y 3D en la industria del turismo, las operaciones diarias de las agencias de viajes, la forma en que operan los operadores tur\u00edsticos y la planificaci\u00f3n de los viajes de los turistas.<\/p>\n<p>Por ejemplo, si usted es un touroperador, puede planificar nuevas estrategias en sus ofertas vacacionales utilizando geomarketing o dise\u00f1ar rutas para viajeros con Obliquo y publicarlas en su sitio web.[\/vc_column_text][\/vc_column_inner][vc_column_inner width=\u00bb1\/2&#8243;][vc_single_image image=\u00bb1626&#8243; img_size=\u00bb600&#215;340&#8243; alignment=\u00bbright\u00bb][\/vc_column_inner][\/vc_row_inner]<\/div><\/div>\t\t\t<script type=\"text\/javascript\">\n\t\t\t\tjQuery(document).ready(function ($) {\n\t\t\t\t\tif( typeof jQuery('.ult-carousel-337158967969d695a37e91a').slick == \"function\"){\n\t\t\t\t\t\t$('.ult-carousel-337158967969d695a37e91a').slick({dots: true,autoplay: true,autoplaySpeed: \"5000\",speed: \"300\",infinite: true,arrows: true,nextArrow: '<button type=\"button\" role=\"button\" aria-label=\"Next\" style=\"color:#333333; font-size:20px;\" class=\"slick-next default\"><i class=\"ultsl-arrow-right4\"><\/i><\/button>',prevArrow: '<button type=\"button\" role=\"button\" aria-label=\"Previous\" style=\"color:#333333; font-size:20px;\" class=\"slick-prev default\"><i class=\"ultsl-arrow-left4\"><\/i><\/button>',slidesToScroll:1,slidesToShow:1,swipe: true,draggable: true,touchMove: true,pauseOnHover: true,pauseOnFocus: false,responsive: [\n\t\t\t\t\t\t\t{\n\t\t\t\t\t\t\t  breakpoint: 1026,\n\t\t\t\t\t\t\t  settings: {\n\t\t\t\t\t\t\t\tslidesToShow: 1,\n\t\t\t\t\t\t\t\tslidesToScroll: 1,  \n\t\t\t\t\t\t\t  }\n\t\t\t\t\t\t\t},\n\t\t\t\t\t\t\t{\n\t\t\t\t\t\t\t  breakpoint: 1025,\n\t\t\t\t\t\t\t  settings: {\n\t\t\t\t\t\t\t\tslidesToShow: 1,\n\t\t\t\t\t\t\t\tslidesToScroll: 1\n\t\t\t\t\t\t\t  }\n\t\t\t\t\t\t\t},\n\t\t\t\t\t\t\t{\n\t\t\t\t\t\t\t  breakpoint: 760,\n\t\t\t\t\t\t\t  settings: {\n\t\t\t\t\t\t\t\tslidesToShow: 1,\n\t\t\t\t\t\t\t\tslidesToScroll: 1\n\t\t\t\t\t\t\t  }\n\t\t\t\t\t\t\t}\n\t\t\t\t\t\t],pauseOnDotsHover: true,customPaging: function(slider, i) {\n                   return '<i type=\"button\" style= \"color:#333333;\" class=\"ultsl-record\" data-role=\"none\"><\/i>';\n                },});\n\t\t\t\t\t}\n\t\t\t\t});\n\t\t\t<\/script>\n\t\t\t[\/vc_column][\/vc_row][vc_row bg_type=\u00bbbg_color\u00bb css=\u00bb.vc_custom_1529915782973{margin-top: 20px !important;margin-bottom: 20px !important;}\u00bb bg_color_value=\u00bb#fafafa\u00bb][vc_column]<div id=\"ultimate-heading-879069d695a37ec92\" class=\"uvc-heading ult-adjust-bottom-margin ultimate-heading-879069d695a37ec92 uvc-6380 \" data-hspacer=\"no_spacer\"  data-halign=\"center\" style=\"text-align:center\"><div class=\"uvc-heading-spacer no_spacer\" style=\"top\"><\/div><div class=\"uvc-main-heading ult-responsive\"  data-ultimate-target='.uvc-heading.ultimate-heading-879069d695a37ec92 h1'  data-responsive-json-new='{\"font-size\":\"\",\"line-height\":\"\"}' ><h1 style=\"font-family:&#039;Poiret One&#039;;font-weight:normal;color:#0b9d3c;margin-top:40px;\">\u00a1Contacte con nosotros!<\/h1><\/div><\/div>[vc_row_inner css=\u00bb.vc_custom_1530223102946{padding-top: 30px !important;padding-bottom: 30px !important;}\u00bb][vc_column_inner width=\u00bb1\/4&#8243;][\/vc_column_inner][vc_column_inner width=\u00bb1\/2&#8243;]\n<div class=\"wpcf7 no-js\" id=\"wpcf7-f1634-o1\" lang=\"en-US\" dir=\"ltr\">\n<div class=\"screen-reader-response\"><p role=\"status\" aria-live=\"polite\" aria-atomic=\"true\"><\/p> <ul><\/ul><\/div>\n<form action=\"\/es\/wp-json\/wp\/v2\/pages\/1631#wpcf7-f1634-o1\" method=\"post\" class=\"wpcf7-form init\" aria-label=\"Contact form\" novalidate=\"novalidate\" data-status=\"init\">\n<div style=\"display: none;\">\n<input type=\"hidden\" name=\"_wpcf7\" value=\"1634\" \/>\n<input type=\"hidden\" name=\"_wpcf7_version\" value=\"5.9.3\" \/>\n<input type=\"hidden\" name=\"_wpcf7_locale\" value=\"en_US\" \/>\n<input type=\"hidden\" name=\"_wpcf7_unit_tag\" value=\"wpcf7-f1634-o1\" \/>\n<input type=\"hidden\" name=\"_wpcf7_container_post\" value=\"0\" \/>\n<input type=\"hidden\" name=\"_wpcf7_posted_data_hash\" value=\"\" \/>\n<input type=\"hidden\" name=\"_wpcf7_recaptcha_response\" value=\"\" \/>\n<\/div>\n<p><label> Nombre*<br \/>\n<span class=\"wpcf7-form-control-wrap\" data-name=\"your-name\"><input size=\"40\" class=\"wpcf7-form-control wpcf7-text wpcf7-validates-as-required\" aria-required=\"true\" aria-invalid=\"false\" value=\"\" type=\"text\" name=\"your-name\" \/><\/span> <\/label>\n<\/p>\n<p><label> Email*<br \/>\n<span class=\"wpcf7-form-control-wrap\" data-name=\"your-email\"><input size=\"40\" class=\"wpcf7-form-control wpcf7-email wpcf7-validates-as-required wpcf7-text wpcf7-validates-as-email\" aria-required=\"true\" aria-invalid=\"false\" value=\"\" type=\"email\" name=\"your-email\" \/><\/span> <\/label>\n<\/p>\n<p><label> N\u00famero de tel\u00e9fono<br \/>\n<span class=\"wpcf7-form-control-wrap\" data-name=\"your-tel\"><input size=\"40\" class=\"wpcf7-form-control wpcf7-tel wpcf7-text wpcf7-validates-as-tel\" aria-invalid=\"false\" value=\"\" type=\"tel\" name=\"your-tel\" \/><\/span> <\/label>\n<\/p>\n<p><label> Asunto*<br \/>\n<span class=\"wpcf7-form-control-wrap\" data-name=\"your-subject\"><input size=\"40\" class=\"wpcf7-form-control wpcf7-text wpcf7-validates-as-required\" aria-required=\"true\" aria-invalid=\"false\" value=\"\" type=\"text\" name=\"your-subject\" \/><\/span> <\/label>\n<\/p>\n<p><label> Mensaje*<br \/>\n<span class=\"wpcf7-form-control-wrap\" data-name=\"your-message\"><textarea cols=\"40\" rows=\"10\" class=\"wpcf7-form-control wpcf7-textarea wpcf7-validates-as-required\" aria-required=\"true\" aria-invalid=\"false\" name=\"your-message\"><\/textarea><\/span> <\/label>\n<\/p>\n<p><small> Los campos marcados con * son obligatorios <\/small>\n<\/p>\n<p><span class=\"wpcf7-form-control-wrap\" data-name=\"acceptance-privacy-policy\"><span class=\"wpcf7-form-control wpcf7-acceptance\"><span class=\"wpcf7-list-item\"><label><input type=\"checkbox\" name=\"acceptance-privacy-policy\" value=\"1\" aria-invalid=\"false\" \/><span class=\"wpcf7-list-item-label\"><small> He le\u00eddo y acepto la <a href=\"https:\/\/app.termly.io\/document\/privacy-policy\/656d5ba0-5cac-4fd3-91be-5c3099b9137b\">Pol\u00edtica de Privacidad.<\/a> <\/small><\/span><\/label><\/span><\/span><\/span><br \/>\n<span class=\"wpcf7-form-control-wrap\" data-name=\"acceptance-communications\"><span class=\"wpcf7-form-control wpcf7-acceptance\"><span class=\"wpcf7-list-item\"><label><input type=\"checkbox\" name=\"acceptance-communications\" value=\"1\" aria-invalid=\"false\" \/><span class=\"wpcf7-list-item-label\"><small> Acepto recibir Newsletters, invitaciones a eventos y, novedades e informaci\u00f3n sobre productos y servicios. <\/small><\/span><\/label><\/span><\/span><\/span>\n<\/p>\n<p><input class=\"wpcf7-form-control wpcf7-submit has-spinner\" type=\"submit\" value=\"Enviar\" \/>\n<\/p><div class=\"wpcf7-response-output\" aria-hidden=\"true\"><\/div>\n<\/form>\n<\/div>\n[\/vc_column_inner][vc_column_inner width=\u00bb1\/4&#8243;][\/vc_column_inner][\/vc_row_inner][\/vc_column][\/vc_row][vc_row][vc_column][vc_raw_js]JTNDc2NyaXB0JTIwdHlwZSUzRCUyMnRleHQlMkZqYXZhc2NyaXB0JTIyJTNFJTBBZG9jdW1lbnQuYWRkRXZlbnRMaXN0ZW5lciUyOCUyMCUyN3dwY2Y3bWFpbHNlbnQlMjclMkMlMjBmdW5jdGlvbiUyOCUyMGV2ZW50JTIwJTI5JTIwJTdCJTBBJTIwJTIwJTIwJTIwbG9jYXRpb24lMjAlM0QlMjAlMjdodHRwcyUzQSUyRiUyRm9ibGlxdW8uY2xvdWQlMkZmb3JtLWNvbmZpcm1hdGlvbiUyRiUyNyUzQiUwQSU3RCUyQyUyMGZhbHNlJTIwJTI5JTNCJTBBJTNDJTJGc2NyaXB0JTNF[\/vc_raw_js][\/vc_column][\/vc_row]<\/p>\n<\/div>","protected":false},"excerpt":{"rendered":"<p>[vc_row full_width=\u00bbstretch_row_content_no_spaces\u00bb full_height=\u00bbyes\u00bb bg_type=\u00bbimage\u00bb parallax_style=\u00bbvcpb-vz-jquery\u00bb bg_image_new=\u00bbid^1616|url^https:\/\/obliquo.cloud\/wp-content\/uploads\/2018\/08\/photos-1150076_1920.jpg|caption^null|alt^null|title^photos-1150076_1920|description^null\u00bb][vc_column width=\u00bb1\/6&#8243;][\/vc_column][vc_column width=\u00bb2\/3&#8243;][vc_custom_heading text=\u00bbobliquo para el turismo\u00bb font_container=\u00bbtag:h2|text_align:left|color:%23ffffff\u00bb google_fonts=\u00bbfont_family:Poiret%20One%3Aregular|font_style:400%20regular%3A400%3Anormal\u00bb][vc_custom_heading text=\u00bbPlanificaci\u00f3n y promoci\u00f3n tur\u00edstica\u00bb font_container=\u00bbtag:h1|text_align:left|color:%23ffffff\u00bb google_fonts=\u00bbfont_family:Lato%3A100%2C100italic%2C300%2C300italic%2Cregular%2Citalic%2C700%2C700italic%2C900%2C900italic|font_style:900%20bold%20regular%3A900%3Anormal\u00bb][\/vc_column][vc_column width=\u00bb1\/6&#8243;][\/vc_column][\/vc_row][vc_row css=\u00bb.vc_custom_1529912524370{padding-top: 30px !important;padding-right: 60px !important;padding-bottom: 60px !important;padding-left: 60px !important;}\u00bb][vc_column css=\u00bb.vc_custom_1529912563330{padding-right: 30px !important;padding-left: 30px !important;}\u00bb][vc_custom_heading text=\u00bbLas aplicaciones GIS basadas en la nube y centradas en el turismo han revolucionado, a un ritmo cada vez m\u00e1s&hellip;<\/p>\n","protected":false},"author":53,"featured_media":0,"parent":0,"menu_order":0,"comment_status":"closed","ping_status":"closed","template":"","meta":{"_et_pb_use_builder":"","_et_pb_old_content":"","_et_gb_content_width":"","om_disable_all_campaigns":false,"_monsterinsights_skip_tracking":false,"_monsterinsights_sitenote_active":false,"_monsterinsights_sitenote_note":"","_monsterinsights_sitenote_category":0,"footnotes":""},"aioseo_notices":[],"_links":{"self":[{"href":"https:\/\/obliquo.cloud\/es\/wp-json\/wp\/v2\/pages\/1631"}],"collection":[{"href":"https:\/\/obliquo.cloud\/es\/wp-json\/wp\/v2\/pages"}],"about":[{"href":"https:\/\/obliquo.cloud\/es\/wp-json\/wp\/v2\/types\/page"}],"author":[{"embeddable":true,"href":"https:\/\/obliquo.cloud\/es\/wp-json\/wp\/v2\/users\/53"}],"replies":[{"embeddable":true,"href":"https:\/\/obliquo.cloud\/es\/wp-json\/wp\/v2\/comments?post=1631"}],"version-history":[{"count":6,"href":"https:\/\/obliquo.cloud\/es\/wp-json\/wp\/v2\/pages\/1631\/revisions"}],"predecessor-version":[{"id":1775,"href":"https:\/\/obliquo.cloud\/es\/wp-json\/wp\/v2\/pages\/1631\/revisions\/1775"}],"wp:attachment":[{"href":"https:\/\/obliquo.cloud\/es\/wp-json\/wp\/v2\/media?parent=1631"}],"curies":[{"name":"wp","href":"https:\/\/api.w.org\/{rel}","templated":true}]}}