{"id":2271,"date":"2019-08-14T08:46:35","date_gmt":"2019-08-14T07:46:35","guid":{"rendered":"https:\/\/obliquo.cloud\/intergeo-2019\/"},"modified":"2022-10-06T09:54:56","modified_gmt":"2022-10-06T08:54:56","slug":"intergeo-2022","status":"publish","type":"page","link":"https:\/\/obliquo.cloud\/es\/intergeo-2022\/","title":{"rendered":"Intergeo 2022"},"content":{"rendered":"<div class=\"wpb-content-wrapper\"><p>[vc_row full_width=\u00bbstretch_row_content_no_spaces\u00bb][vc_column][vc_empty_space height=\u00bb120px\u00bb css=\u00bb.vc_custom_1564637874214{background-color: #085024 !important;}\u00bb][\/vc_column][\/vc_row][vc_row full_width=\u00bbstretch_row_content_no_spaces\u00bb][vc_column][vc_single_image image=\u00bb2494&#8243; img_size=\u00bbfull\u00bb alignment=\u00bbcenter\u00bb][\/vc_column][\/vc_row][vc_row full_width=\u00bbstretch_row\u00bb gap=\u00bb35&#8243; equal_height=\u00bbyes\u00bb css=\u00bb.vc_custom_1565249223431{margin-bottom: 30px !important;}\u00bb][vc_column width=\u00bb2\/3&#8243;]<div id=\"ultimate-heading-775569ff4af81f191\" class=\"uvc-heading ult-adjust-bottom-margin ultimate-heading-775569ff4af81f191 uvc-9195 \" data-hspacer=\"no_spacer\"  data-halign=\"center\" style=\"text-align:center\"><div class=\"uvc-heading-spacer no_spacer\" style=\"top\"><\/div><div class=\"uvc-main-heading ult-responsive\"  data-ultimate-target='.uvc-heading.ultimate-heading-775569ff4af81f191 h2'  data-responsive-json-new='{\"font-size\":\"\",\"line-height\":\"\"}' ><h2 style=\"font-weight:normal;color:#085024;\">Intergeo 2022<\/h2><\/div><div class=\"uvc-sub-heading ult-responsive\"  data-ultimate-target='.uvc-heading.ultimate-heading-775569ff4af81f191 .uvc-sub-heading '  data-responsive-json-new='{\"font-size\":\"\",\"line-height\":\"\"}'  style=\"font-weight:normal;margin-bottom:30px;\">Essen (Alemania), 18 &#8211; 20 de octubre<\/div><\/div><style>#count-down-wrap-1125 .ult_countdown-amount { font-weight:normal;  font-family : ;\tcolor: ; } #count-down-wrap-1125 .ult_countdown-period{font-weight:normal;\tcolor: ;\tfont-family: ;}<\/style><div  data-ultimate-target='#count-down-wrap-1125 .ult_countdown-period'  data-responsive-json-new='{\"font-size\":\"desktop:13px;\",\"line-height\":\"\"}'  class=\"ult-responsive ult_countdown   ult-cd-no-border ult-cd-s1\"><div id=\"count-down-wrap-1125\"  class=\"ult-responsive ult_countdown-div ult_countdown-dateAndTime ult-wptz\" data-labels=\"Years,Months,Weeks,Days,Hours,Minutes,Seconds\" data-labels2=\"Year,Month,Week,Day,Hour,Minute,Second\"  data-terminal-date=\"2022\/10\/18 09:00:00\" data-countformat=\"DHM\" data-time-zone=\"1\" data-time-now=\"2026\/05\/09 15:55:52\"  data-tick-col=\"\"   data-ultimate-target='#count-down-wrap-1125 .ult_countdown-amount'  data-responsive-json-new='{\"font-size\":\"desktop:36px;\",\"line-height\":\"\"}'  data-tick-p-col=\"\"  data-tick-style=\"font-weight:normal;\"  data-tick-p-style=\"\"  data-bg-color=\"\" data-br-radius=\"\" data-padd=\"0\" >2022\/10\/18 09:00:00<\/div><\/div>[vc_column_text css=\u00bb.vc_custom_1665044525085{padding-top: 10px !important;}\u00bb]INTERGEO, que tendr\u00e1 lugar en Essen, Alemania, del 18 al 20 de octubre, recibir\u00e1 a m\u00e1s de 19.000 visitantes profesionales de 114 pa\u00edses. Obliquo participar\u00e1 en este centro global de la comunidad geoespacial para presentar las \u00faltimas innovaciones para las soluciones Obliquo, incluyendo demostraciones en vivo. Vis\u00edtenos en el Pabell\u00f3n 3 &#8211; Stand B3.068.[\/vc_column_text]<div id=\"ultimate-heading-752869ff4af81f2d0\" class=\"uvc-heading ult-adjust-bottom-margin ultimate-heading-752869ff4af81f2d0 uvc-3542 \" data-hspacer=\"no_spacer\"  data-halign=\"center\" style=\"text-align:center\"><div class=\"uvc-heading-spacer no_spacer\" style=\"top\"><\/div><div class=\"uvc-main-heading ult-responsive\"  data-ultimate-target='.uvc-heading.ultimate-heading-752869ff4af81f2d0 h3'  data-responsive-json-new='{\"font-size\":\"\",\"line-height\":\"\"}' ><h3 style=\"font-family:&#039;Poiret One&#039;;font-weight:normal;color:#0b9d3c;margin-top:20px;\">Novedades<\/h3><\/div><\/div>[vc_column_text css=\u00bb.vc_custom_1565685778275{padding-top: 10px !important;}\u00bb]Presentaremos el nuevo portal web que fusiona m\u00faltiples fuentes de datos: nadir, im\u00e1genes oblicuas y panor\u00e1micas, nubes de puntos y otros.<\/p>\n<p>Las \u00faltimas versiones de Obliquo traen un mont\u00f3n de nuevas caracter\u00edsticas que le encantar\u00e1n y mejoraron su interoperabilidad con las principales soluciones GIS. Todo esto sin perder lo que hace a Obliquo diferente: <strong>potente, f\u00e1cil de usar y extremadamente r\u00e1pido.<\/strong>[\/vc_column_text]<div id=\"ultimate-heading-275869ff4af81f321\" class=\"uvc-heading ult-adjust-bottom-margin ultimate-heading-275869ff4af81f321 uvc-5012 \" data-hspacer=\"no_spacer\"  data-halign=\"center\" style=\"text-align:center\"><div class=\"uvc-heading-spacer no_spacer\" style=\"top\"><\/div><div class=\"uvc-main-heading ult-responsive\"  data-ultimate-target='.uvc-heading.ultimate-heading-275869ff4af81f321 h3'  data-responsive-json-new='{\"font-size\":\"\",\"line-height\":\"\"}' ><h3 style=\"font-family:&#039;Poiret One&#039;;font-weight:normal;color:#0b9d3c;margin-top:20px;\">Obtenga su entrada gratis<\/h3><\/div><\/div>[vc_column_text css=\u00bb.vc_custom_1565247945908{padding-top: 10px !important;}\u00bb]Rellene el formulario de la parte derecha de la p\u00e1gina para obtener su pase a la feria. Hay un n<strong>\u00famero limitado de entradas gratuitas<\/strong>, as\u00ed que reg\u00edstrese pronto para tener la oportunidad de recibir una.[\/vc_column_text]<div id=\"ultimate-heading-284969ff4af81f369\" class=\"uvc-heading ult-adjust-bottom-margin ultimate-heading-284969ff4af81f369 uvc-6565 \" data-hspacer=\"no_spacer\"  data-halign=\"center\" style=\"text-align:center\"><div class=\"uvc-heading-spacer no_spacer\" style=\"top\"><\/div><div class=\"uvc-main-heading ult-responsive\"  data-ultimate-target='.uvc-heading.ultimate-heading-284969ff4af81f369 h3'  data-responsive-json-new='{\"font-size\":\"\",\"line-height\":\"\"}' ><h3 style=\"font-family:&#039;Poiret One&#039;;font-weight:normal;color:#0b9d3c;margin-top:20px;\">C\u00f3mo llegar<\/h3><\/div><\/div>[vc_column_text css=\u00bb.vc_custom_1665044631262{padding-top: 10px !important;}\u00bb]INTERGEO 2022 se celebra en Messe Essen en los pabellones 1, 2 y 3.<\/p>\n<p>Esperamos verle en la conferencia INTERGEO, donde podr\u00e1 establecer contactos, probar las \u00faltimas soluciones de inteligencia geoespacial y de localizaci\u00f3n, y discutir con expertos de la industria c\u00f3mo las tecnolog\u00edas demostradas pueden ayudarle a llevar su negocio hacia el futuro.[\/vc_column_text][\/vc_column][vc_column width=\u00bb1\/3&#8243; css=\u00bb.vc_custom_1565248276971{background-color: #fafafa !important;}\u00bb]<div id=\"ultimate-heading-235669ff4af81f3ae\" class=\"uvc-heading ult-adjust-bottom-margin ultimate-heading-235669ff4af81f3ae uvc-1919 \" data-hspacer=\"no_spacer\"  data-halign=\"center\" style=\"text-align:center\"><div class=\"uvc-heading-spacer no_spacer\" style=\"top\"><\/div><div class=\"uvc-main-heading ult-responsive\"  data-ultimate-target='.uvc-heading.ultimate-heading-235669ff4af81f3ae h3'  data-responsive-json-new='{\"font-size\":\"\",\"line-height\":\"\"}' ><h3 style=\"font-weight:normal;color:#085024;margin-bottom:30px;\">\u00a1Reg\u00edstrese para obtener su entrada gratis!<\/h3><\/div><\/div>\n<div class=\"wpcf7 no-js\" id=\"wpcf7-f2275-o1\" lang=\"en-US\" dir=\"ltr\">\n<div class=\"screen-reader-response\"><p role=\"status\" aria-live=\"polite\" aria-atomic=\"true\"><\/p> <ul><\/ul><\/div>\n<form action=\"\/es\/wp-json\/wp\/v2\/pages\/2271#wpcf7-f2275-o1\" method=\"post\" class=\"wpcf7-form init\" aria-label=\"Contact form\" novalidate=\"novalidate\" data-status=\"init\">\n<div style=\"display: none;\">\n<input type=\"hidden\" name=\"_wpcf7\" value=\"2275\" \/>\n<input type=\"hidden\" name=\"_wpcf7_version\" value=\"5.9.3\" \/>\n<input type=\"hidden\" name=\"_wpcf7_locale\" value=\"en_US\" \/>\n<input type=\"hidden\" name=\"_wpcf7_unit_tag\" value=\"wpcf7-f2275-o1\" \/>\n<input type=\"hidden\" name=\"_wpcf7_container_post\" value=\"0\" \/>\n<input type=\"hidden\" name=\"_wpcf7_posted_data_hash\" value=\"\" \/>\n<input type=\"hidden\" name=\"_wpcf7_recaptcha_response\" value=\"\" \/>\n<\/div>\n<p><label> Nombre*<br \/>\n<span class=\"wpcf7-form-control-wrap\" data-name=\"your-first-name\"><input size=\"40\" class=\"wpcf7-form-control wpcf7-text wpcf7-validates-as-required\" aria-required=\"true\" aria-invalid=\"false\" value=\"\" type=\"text\" name=\"your-first-name\" \/><\/span> <\/label>\n<\/p>\n<p><label> Apellidos*<br \/>\n<span class=\"wpcf7-form-control-wrap\" data-name=\"your-last-name\"><input size=\"40\" class=\"wpcf7-form-control wpcf7-text wpcf7-validates-as-required\" aria-required=\"true\" aria-invalid=\"false\" value=\"\" type=\"text\" name=\"your-last-name\" \/><\/span> <\/label>\n<\/p>\n<p><label> Puesto*<br \/>\n<span class=\"wpcf7-form-control-wrap\" data-name=\"your-job-title\"><input size=\"40\" class=\"wpcf7-form-control wpcf7-text wpcf7-validates-as-required\" aria-required=\"true\" aria-invalid=\"false\" value=\"\" type=\"text\" name=\"your-job-title\" \/><\/span> <\/label>\n<\/p>\n<p><label> Empresa*<br \/>\n<span class=\"wpcf7-form-control-wrap\" data-name=\"your-company\"><input size=\"40\" class=\"wpcf7-form-control wpcf7-text wpcf7-validates-as-required\" aria-required=\"true\" aria-invalid=\"false\" value=\"\" type=\"text\" name=\"your-company\" \/><\/span> <\/label>\n<\/p>\n<p><label> Correo electr\u00f3nico*<br \/>\n<span class=\"wpcf7-form-control-wrap\" data-name=\"your-email\"><input size=\"40\" class=\"wpcf7-form-control wpcf7-email wpcf7-validates-as-required wpcf7-text wpcf7-validates-as-email\" aria-required=\"true\" aria-invalid=\"false\" value=\"\" type=\"email\" name=\"your-email\" \/><\/span> <\/label>\n<\/p>\n<p><label> N\u00famero de tel\u00e9fono*<br \/>\n<span class=\"wpcf7-form-control-wrap\" data-name=\"your-tel\"><input size=\"40\" class=\"wpcf7-form-control wpcf7-tel wpcf7-validates-as-required wpcf7-text wpcf7-validates-as-tel\" aria-required=\"true\" aria-invalid=\"false\" value=\"\" type=\"tel\" name=\"your-tel\" \/><\/span> <\/label>\n<\/p>\n<p><label> Interesado en*<br \/>\n<span class=\"wpcf7-form-control-wrap\" data-name=\"your-product\"><select class=\"wpcf7-form-control wpcf7-select wpcf7-validates-as-required\" aria-required=\"true\" aria-invalid=\"false\" name=\"your-product\"><option value=\"\">&#8212;Please choose an option&#8212;<\/option><option value=\"Obliquo Aerial\">Obliquo Aerial<\/option><option value=\"Obliquo Street\">Obliquo Street<\/option><option value=\"Obliquo Globe\">Obliquo Globe<\/option><\/select><\/span><\/label>\n<\/p>\n<p><label> Voy a visitar el stand de Obliquo el d\u00eda:*<br \/>\n<span class=\"wpcf7-form-control-wrap\" data-name=\"your-visit-date\"><input class=\"wpcf7-form-control wpcf7-date wpcf7-validates-as-required wpcf7-validates-as-date\" min=\"2019-09-17\" max=\"2019-09-19\" aria-required=\"true\" aria-invalid=\"false\" value=\"\" type=\"date\" name=\"your-visit-date\" \/><\/span><\/label>\n<\/p>\n<p><label> Comentarios<br \/>\n<span class=\"wpcf7-form-control-wrap\" data-name=\"your-message\"><textarea cols=\"40\" rows=\"10\" class=\"wpcf7-form-control wpcf7-textarea\" aria-invalid=\"false\" name=\"your-message\"><\/textarea><\/span><\/label>\n<\/p>\n<p><small> Los campos marcados con * son obligatorios <\/small>\n<\/p>\n<p><span class=\"wpcf7-form-control-wrap\" data-name=\"your-acceptance-privacy-policy\"><span class=\"wpcf7-form-control wpcf7-acceptance\"><span class=\"wpcf7-list-item\"><label><input type=\"checkbox\" name=\"your-acceptance-privacy-policy\" value=\"1\" aria-invalid=\"false\" \/><span class=\"wpcf7-list-item-label\"><small> He le\u00eddo la <a href=\"https:\/\/obliquo.cloud\/privacy\/\">Pol\u00edtica de Privacidad.<\/a> <\/small><\/span><\/label><\/span><\/span><\/span><br \/>\n<span class=\"wpcf7-form-control-wrap\" data-name=\"your-acceptance-communications\"><span class=\"wpcf7-form-control wpcf7-acceptance\"><span class=\"wpcf7-list-item\"><label><input type=\"checkbox\" name=\"your-acceptance-communications\" value=\"1\" aria-invalid=\"false\" \/><span class=\"wpcf7-list-item-label\"><small> Acepto recibir boletines de noticias, invitaciones a eventos, y noticias e informaci\u00f3n sobre productos y servicios <\/small><\/span><\/label><\/span><\/span><\/span>\n<\/p>\n<p><input class=\"wpcf7-form-control wpcf7-submit has-spinner\" type=\"submit\" value=\"Enviar\" \/>\n<\/p><div class=\"wpcf7-response-output\" aria-hidden=\"true\"><\/div>\n<\/form>\n<\/div>\n[\/vc_column][\/vc_row]<\/p>\n<\/div>","protected":false},"excerpt":{"rendered":"<p>[vc_row full_width=\u00bbstretch_row_content_no_spaces\u00bb][vc_column][vc_empty_space height=\u00bb120px\u00bb css=\u00bb.vc_custom_1564637874214{background-color: #085024 !important;}\u00bb][\/vc_column][\/vc_row][vc_row full_width=\u00bbstretch_row_content_no_spaces\u00bb][vc_column][vc_single_image image=\u00bb2494&#8243; img_size=\u00bbfull\u00bb alignment=\u00bbcenter\u00bb][\/vc_column][\/vc_row][vc_row full_width=\u00bbstretch_row\u00bb gap=\u00bb35&#8243; equal_height=\u00bbyes\u00bb css=\u00bb.vc_custom_1565249223431{margin-bottom: 30px !important;}\u00bb][vc_column width=\u00bb2\/3&#8243;][vc_column_text css=\u00bb.vc_custom_1665044525085{padding-top: 10px !important;}\u00bb]INTERGEO, que tendr\u00e1 lugar en Essen, Alemania, del 18 al 20 de octubre, recibir\u00e1 a m\u00e1s de 19.000 visitantes profesionales de 114 pa\u00edses. Obliquo participar\u00e1 en este centro global de la comunidad geoespacial para presentar las&hellip;<\/p>\n","protected":false},"author":53,"featured_media":2501,"parent":0,"menu_order":0,"comment_status":"closed","ping_status":"closed","template":"","meta":{"_et_pb_use_builder":"","_et_pb_old_content":"","_et_gb_content_width":"","om_disable_all_campaigns":false,"_monsterinsights_skip_tracking":false,"_monsterinsights_sitenote_active":false,"_monsterinsights_sitenote_note":"","_monsterinsights_sitenote_category":0,"footnotes":""},"aioseo_notices":[],"_links":{"self":[{"href":"https:\/\/obliquo.cloud\/es\/wp-json\/wp\/v2\/pages\/2271"}],"collection":[{"href":"https:\/\/obliquo.cloud\/es\/wp-json\/wp\/v2\/pages"}],"about":[{"href":"https:\/\/obliquo.cloud\/es\/wp-json\/wp\/v2\/types\/page"}],"author":[{"embeddable":true,"href":"https:\/\/obliquo.cloud\/es\/wp-json\/wp\/v2\/users\/53"}],"replies":[{"embeddable":true,"href":"https:\/\/obliquo.cloud\/es\/wp-json\/wp\/v2\/comments?post=2271"}],"version-history":[{"count":10,"href":"https:\/\/obliquo.cloud\/es\/wp-json\/wp\/v2\/pages\/2271\/revisions"}],"predecessor-version":[{"id":2503,"href":"https:\/\/obliquo.cloud\/es\/wp-json\/wp\/v2\/pages\/2271\/revisions\/2503"}],"wp:featuredmedia":[{"embeddable":true,"href":"https:\/\/obliquo.cloud\/es\/wp-json\/wp\/v2\/media\/2501"}],"wp:attachment":[{"href":"https:\/\/obliquo.cloud\/es\/wp-json\/wp\/v2\/media?parent=2271"}],"curies":[{"name":"wp","href":"https:\/\/api.w.org\/{rel}","templated":true}]}}