{"id":997,"date":"2018-06-21T10:08:20","date_gmt":"2018-06-21T08:08:20","guid":{"rendered":"https:\/\/obliquo.cloud\/blog-2\/"},"modified":"2019-08-26T09:06:01","modified_gmt":"2019-08-26T08:06:01","slug":"blog","status":"publish","type":"page","link":"https:\/\/obliquo.cloud\/es\/blog\/","title":{"rendered":"Blog"},"content":{"rendered":"<div class=\"wpb-content-wrapper\"><p>[vc_row full_width=\u00bbstretch_row_content_no_spaces\u00bb][vc_column][vc_empty_space height=\u00bb120px\u00bb css=\u00bb.vc_custom_1566805613218{background-color: #085024 !important;}\u00bb][\/vc_column][\/vc_row][vc_row full_width=\u00bbstretch_row_content_no_spaces\u00bb][vc_column width=\u00bb1\/3&#8243;][\/vc_column][vc_column width=\u00bb1\/3&#8243;][vc_custom_heading text=\u00bbBlog\u00bb font_container=\u00bbtag:h2|text_align:center|color:%23085024&#8243; use_theme_fonts=\u00bbyes\u00bb css=\u00bb.vc_custom_1566806425341{padding-top: 100px !important;padding-bottom: 100px !important;}\u00bb][\/vc_column][vc_column width=\u00bb1\/3&#8243;][\/vc_column][\/vc_row][vc_row][vc_column width=\u00bb2\/3&#8243;]<style type=\"text\/css\" data-type=\"the7_shortcodes-inline-css\">.blog-shortcode.blog-list-shortcode-id-ec4fdf91c3f60b854d5b24211e93c0fc.dividers-on.classic-layout-list article {\n  margin-top: 50px;\n  padding-top: 0;\n}\n.blog-shortcode.blog-list-shortcode-id-ec4fdf91c3f60b854d5b24211e93c0fc.dividers-on.classic-layout-list article:first-of-type {\n  margin-top: 0;\n  padding-top: 0;\n}\n.blog-shortcode.blog-list-shortcode-id-ec4fdf91c3f60b854d5b24211e93c0fc.classic-layout-list.mode-list .post-thumbnail-wrap {\n  width: 30%;\n}\n.blog-shortcode.blog-list-shortcode-id-ec4fdf91c3f60b854d5b24211e93c0fc.classic-layout-list.mode-list .post-entry-content {\n  width: calc(100% - 30%);\n}\n.blog-shortcode.blog-list-shortcode-id-ec4fdf91c3f60b854d5b24211e93c0fc.classic-layout-list.mode-list .no-img .post-entry-content {\n  width: 100%;\n}\n.blog-shortcode.blog-list-shortcode-id-ec4fdf91c3f60b854d5b24211e93c0fc .filter-bg-decoration .filter-categories a.act {\n  color: #fff;\n}\n.blog-shortcode.blog-list-shortcode-id-ec4fdf91c3f60b854d5b24211e93c0fc:not(.mode-masonry) article {\n  margin-top: 50px;\n}\n.blog-shortcode.blog-list-shortcode-id-ec4fdf91c3f60b854d5b24211e93c0fc:not(.mode-masonry) article:first-of-type,\n.blog-shortcode.blog-list-shortcode-id-ec4fdf91c3f60b854d5b24211e93c0fc:not(.mode-masonry) article.visible.first:not(.product) {\n  margin-top: 0;\n}\n.blog-shortcode.blog-list-shortcode-id-ec4fdf91c3f60b854d5b24211e93c0fc.dividers-on:not(.mode-masonry) article {\n  margin-top: 0;\n  padding-top: 50px;\n}\n.blog-shortcode.blog-list-shortcode-id-ec4fdf91c3f60b854d5b24211e93c0fc.dividers-on:not(.mode-masonry) article:first-of-type,\n.blog-shortcode.blog-list-shortcode-id-ec4fdf91c3f60b854d5b24211e93c0fc.dividers-on:not(.mode-masonry) article.visible.first:not(.product) {\n  margin-top: 0;\n  padding-top: 0;\n}\n.blog-shortcode.blog-list-shortcode-id-ec4fdf91c3f60b854d5b24211e93c0fc .post-thumbnail-wrap {\n  padding: 0px 0px 0px 0px;\n}\n.blog-shortcode.blog-list-shortcode-id-ec4fdf91c3f60b854d5b24211e93c0fc.enable-bg-rollover .post-thumbnail-rollover:after {\n  background: -webkit-linear-gradient();\n  background: linear-gradient();\n}\n.blog-shortcode.blog-list-shortcode-id-ec4fdf91c3f60b854d5b24211e93c0fc .gallery-zoom-ico {\n  width: 44px;\n  height: 44px;\n  line-height: 44px;\n  border-radius: 100px;\n  margin: -22px 0 0 -22px;\n  border-width: 0px;\n  color: #ffffff;\n}\n.bottom-overlap-layout-list.blog-shortcode.blog-list-shortcode-id-ec4fdf91c3f60b854d5b24211e93c0fc .gallery-zoom-ico {\n  margin-top: -22px;\n}\n.gradient-overlay-layout-list.blog-shortcode.blog-list-shortcode-id-ec4fdf91c3f60b854d5b24211e93c0fc .gallery-zoom-ico,\n.content-rollover-layout-list.blog-shortcode.blog-list-shortcode-id-ec4fdf91c3f60b854d5b24211e93c0fc .gallery-zoom-ico {\n  margin: 0 0 10px;\n}\n.content-align-center.gradient-overlay-layout-list.blog-shortcode.blog-list-shortcode-id-ec4fdf91c3f60b854d5b24211e93c0fc .gallery-zoom-ico,\n.content-align-center.content-rollover-layout-list.blog-shortcode.blog-list-shortcode-id-ec4fdf91c3f60b854d5b24211e93c0fc .gallery-zoom-ico {\n  margin: 0 auto 10px;\n}\n.dt-icon-bg-on.blog-shortcode.blog-list-shortcode-id-ec4fdf91c3f60b854d5b24211e93c0fc .gallery-zoom-ico {\n  background: rgba(255,255,255,0.3);\n  box-shadow: none;\n}\n.blog-shortcode.blog-list-shortcode-id-ec4fdf91c3f60b854d5b24211e93c0fc .gallery-zoom-ico > span,\n.blog-shortcode.blog-list-shortcode-id-ec4fdf91c3f60b854d5b24211e93c0fc .gallery-zoom-ico:before {\n  font-size: 32px;\n  line-height: 44px;\n}\n.blog-shortcode.blog-list-shortcode-id-ec4fdf91c3f60b854d5b24211e93c0fc .gallery-zoom-ico > span,\n.blog-shortcode.blog-list-shortcode-id-ec4fdf91c3f60b854d5b24211e93c0fc .gallery-zoom-ico:before {\n  color: #ffffff;\n}\n.blog-shortcode.blog-list-shortcode-id-ec4fdf91c3f60b854d5b24211e93c0fc .fancy-date a {\n  background: #ffffff;\n  box-shadow: none;\n}\n.blog-shortcode.blog-list-shortcode-id-ec4fdf91c3f60b854d5b24211e93c0fc .fancy-date a * {\n  color: #2d2d2d;\n}\n.blog-shortcode.blog-list-shortcode-id-ec4fdf91c3f60b854d5b24211e93c0fc .entry-title,\n.blog-shortcode.blog-list-shortcode-id-ec4fdf91c3f60b854d5b24211e93c0fc.owl-carousel .entry-title {\n  margin-bottom: 5px;\n  font-weight: bold;\n}\n.blog-shortcode.blog-list-shortcode-id-ec4fdf91c3f60b854d5b24211e93c0fc .entry-meta {\n  margin-bottom: 15px;\n}\n.blog-shortcode.blog-list-shortcode-id-ec4fdf91c3f60b854d5b24211e93c0fc .portfolio-categories {\n  margin-bottom: 15px;\n}\n.blog-shortcode.blog-list-shortcode-id-ec4fdf91c3f60b854d5b24211e93c0fc .entry-excerpt {\n  margin-bottom: 5px;\n}\n.blog-shortcode.blog-list-shortcode-id-ec4fdf91c3f60b854d5b24211e93c0fc:not(.centered-layout-list) .post-entry-content {\n  padding: 25px 30px 30px 30px;\n}\n.blog-shortcode.blog-list-shortcode-id-ec4fdf91c3f60b854d5b24211e93c0fc:not(.centered-layout-list):not(.content-bg-on):not(.mode-list) .no-img .post-entry-content {\n  padding: 0;\n}\n@media screen and (max-width: 768px) {\n  .blog-shortcode.blog-list-shortcode-id-ec4fdf91c3f60b854d5b24211e93c0fc article {\n    -ms-flex-flow: column nowrap;\n    flex-flow: column nowrap;\n    margin-top: 20px;\n  }\n  .blog-shortcode.blog-list-shortcode-id-ec4fdf91c3f60b854d5b24211e93c0fc.dividers-on article {\n    border: none;\n  }\n  .blog-shortcode.blog-list-shortcode-id-ec4fdf91c3f60b854d5b24211e93c0fc.content-bg-on.centered-layout-list article {\n    padding: 0;\n  }\n  .blog-shortcode.blog-list-shortcode-id-ec4fdf91c3f60b854d5b24211e93c0fc.blog-shortcode.dividers-on article,\n  .blog-shortcode.blog-list-shortcode-id-ec4fdf91c3f60b854d5b24211e93c0fc.dividers-on.classic-layout-list article {\n    margin-top: 20px;\n    padding: 0;\n  }\n  .blog-shortcode.blog-list-shortcode-id-ec4fdf91c3f60b854d5b24211e93c0fc.blog-shortcode.dividers-on article:first-of-type,\n  .blog-shortcode.blog-list-shortcode-id-ec4fdf91c3f60b854d5b24211e93c0fc.dividers-on.classic-layout-list article:first-of-type {\n    padding: 0;\n  }\n  #page .blog-shortcode.blog-list-shortcode-id-ec4fdf91c3f60b854d5b24211e93c0fc .post-thumbnail-wrap,\n  #page .blog-shortcode.blog-list-shortcode-id-ec4fdf91c3f60b854d5b24211e93c0fc .post-entry-content {\n    width: 100%;\n    margin: 0;\n    top: 0;\n  }\n  #page .blog-shortcode.blog-list-shortcode-id-ec4fdf91c3f60b854d5b24211e93c0fc .post-thumbnail-wrap {\n    padding: 0;\n  }\n  #page .blog-shortcode.blog-list-shortcode-id-ec4fdf91c3f60b854d5b24211e93c0fc .post-entry-content:after {\n    display: none;\n  }\n  #page .blog-shortcode.blog-list-shortcode-id-ec4fdf91c3f60b854d5b24211e93c0fc .project-even .post-thumbnail-wrap,\n  #page .blog-shortcode.blog-list-shortcode-id-ec4fdf91c3f60b854d5b24211e93c0fc.centered-layout-list .post-thumbnail-wrap {\n    -ms-flex-order: 0;\n    order: 0;\n  }\n  #page .blog-shortcode.blog-list-shortcode-id-ec4fdf91c3f60b854d5b24211e93c0fc.centered-layout-list .post-entry-title-content {\n    -ms-flex-order: 1;\n    order: 1;\n    width: 100%;\n    padding: 20px 20px 0;\n  }\n  #page .blog-shortcode.blog-list-shortcode-id-ec4fdf91c3f60b854d5b24211e93c0fc.centered-layout-list .post-entry-content {\n    -ms-flex-order: 2;\n    order: 2;\n    padding-top: 0;\n  }\n  #page .blog-shortcode.blog-list-shortcode-id-ec4fdf91c3f60b854d5b24211e93c0fc .fancy-categories {\n    top: 10px;\n    left: 10px;\n    bottom: auto;\n    right: auto;\n  }\n  #page .blog-shortcode.blog-list-shortcode-id-ec4fdf91c3f60b854d5b24211e93c0fc .fancy-date a {\n    top: 10px;\n    right: 10px;\n    left: auto;\n    bottom: auto;\n  }\n  #page .blog-shortcode.blog-list-shortcode-id-ec4fdf91c3f60b854d5b24211e93c0fc .post-entry-content {\n    padding: 20px;\n  }\n  #page .blog-shortcode.blog-list-shortcode-id-ec4fdf91c3f60b854d5b24211e93c0fc .entry-title {\n    margin: 3px 0 5px;\n    font-size: 20px;\n    line-height: 26px;\n  }\n  #page .blog-shortcode.blog-list-shortcode-id-ec4fdf91c3f60b854d5b24211e93c0fc .entry-meta {\n    margin: 5px 0 5px;\n  }\n  #page .blog-shortcode.blog-list-shortcode-id-ec4fdf91c3f60b854d5b24211e93c0fc .entry-excerpt {\n    margin: 15px 0 0;\n  }\n  #page .blog-shortcode.blog-list-shortcode-id-ec4fdf91c3f60b854d5b24211e93c0fc .post-details {\n    margin: 5px 0 10px;\n  }\n  #page .blog-shortcode.blog-list-shortcode-id-ec4fdf91c3f60b854d5b24211e93c0fc .post-details.details-type-link {\n    margin-bottom: 2px;\n  }\n}\n<\/style><div class=\"articles-list blog-shortcode mode-list blog-list-shortcode-id-ec4fdf91c3f60b854d5b24211e93c0fc classic-layout-list content-bg-on jquery-filter scale-img dt-icon-bg-off vertical-fancy-style loading-effect-fade-in\" data-cur-page=\"1\" data-post-limit=\"-1\" data-pagination-mode=\"none\"><article class=\"post project-odd visible post-1692 type-post status-publish format-standard has-post-thumbnail hentry category-mobile-mapping-es tag-imagenes-panoramicas tag-mobile-mapping-es tag-street-view-es category-35 description-off\" data-name=\"Lanzamiento oficial de Obliquo Street\" data-date=\"2018-09-04T00:28:52+01:00\">\n\n<div class=\"post-thumbnail-wrap\">\n\t<div class=\"post-thumbnail\">\n\n\t\t\n\t\t<span class=\"fancy-categories\"><a href=\"https:\/\/obliquo.cloud\/es\/category\/mobile-mapping-es\/\" rel=\"category tag\">Mobile mapping<\/a><\/span>\n\t\t<a href=\"https:\/\/obliquo.cloud\/es\/lanzamiento-oficial-de-obliquo-street\/\" class=\"post-thumbnail-rollover layzr-bg layzr-bg\" ><img fetchpriority=\"high\" decoding=\"async\" class=\"blog-thumb-lazy-load preload-me lazy-load aspect\" src=\"data:image\/svg+xml,%3Csvg%20xmlns%3D&#39;http%3A%2F%2Fwww.w3.org%2F2000%2Fsvg&#39;%20viewBox%3D&#39;0%200%20768%20512&#39;%2F%3E\" data-src=\"https:\/\/obliquo.cloud\/wp-content\/uploads\/2018\/08\/obliquo_street_multiframe_1920x1080-768x512.jpg\" data-srcset=\"https:\/\/obliquo.cloud\/wp-content\/uploads\/2018\/08\/obliquo_street_multiframe_1920x1080-768x512.jpg 768w, https:\/\/obliquo.cloud\/wp-content\/uploads\/2018\/08\/obliquo_street_multiframe_1920x1080-1306x870.jpg 1306w\" loading=\"eager\" style=\"--ratio: 768 \/ 512\" sizes=\"(max-width: 768px) 100vw, 768px\" alt=\"\" title=\"obliquo_street_multiframe_1920x1080\" width=\"768\" height=\"512\"  \/><\/a>\n\t<\/div>\n<\/div>\n\n\n<div class=\"post-entry-content\">\n\n\t<h3 class=\"entry-title\">\n\t\t<a href=\"https:\/\/obliquo.cloud\/es\/lanzamiento-oficial-de-obliquo-street\/\" title=\"Lanzamiento oficial de Obliquo Street\" rel=\"bookmark\">Lanzamiento oficial de Obliquo Street<\/a>\n\t<\/h3>\n\n\t<div class=\"entry-meta\"><span class=\"category-link\"><a href=\"https:\/\/obliquo.cloud\/es\/category\/mobile-mapping-es\/\" >Mobile mapping<\/a><\/span><a class=\"author vcard\" href=\"https:\/\/obliquo.cloud\/es\/author\/obliquo\/\" title=\"Ver todas las publicaciones de Obliquo\" rel=\"author\">Por <span class=\"fn\">Obliquo<\/span><\/a><a href=\"https:\/\/obliquo.cloud\/es\/2018\/09\/04\/\" title=\"00:28\" class=\"data-link\" rel=\"bookmark\"><time class=\"entry-date updated\" datetime=\"2018-09-04T00:28:52+01:00\">04\/09\/2018<\/time><\/a><\/div>\n\t<div class=\"entry-excerpt\"><p>[vc_row][vc_column][vc_column_text]Nos complace anunciar el lanzamiento oficial de Obliquo Street, un nuevo producto de la familia Obliquo. Obliquo Street es el m\u00f3dulo de la plataforma Obliquo que le permite trabajar con sus propias im\u00e1genes panor\u00e1micas, en especial para el trabajo con im\u00e1genes de Mobile Mapping que incluyen informaci\u00f3n precisa y georreferenciada. Con la incorporaci\u00f3n de este&hellip;<\/p>\n<\/div>\n\t\n<a href=\"https:\/\/obliquo.cloud\/es\/lanzamiento-oficial-de-obliquo-street\/\" class=\"post-details details-type-link\" aria-label=\"Read more about Lanzamiento oficial de Obliquo Street\">Read more<i class=\"dt-icon-the7-arrow-03\" aria-hidden=\"true\"><\/i><\/a>\n\n<\/div><\/article><article class=\"post project-odd visible post-1462 type-post status-publish format-standard has-post-thumbnail hentry category-noticias tag-cartografia tag-mapas-inteligentes category-9 description-off\" data-name=\"Mapas inteligentes y su aportaci\u00f3n a la nueva cartograf\u00eda\" data-date=\"2018-08-09T12:27:07+01:00\">\n\n<div class=\"post-thumbnail-wrap\">\n\t<div class=\"post-thumbnail\">\n\n\t\t\n\t\t<span class=\"fancy-categories\"><a href=\"https:\/\/obliquo.cloud\/es\/category\/noticias\/\" rel=\"category tag\">Noticias<\/a><\/span>\n\t\t<a href=\"https:\/\/obliquo.cloud\/es\/mapas-inteligentes-cartografia\/\" class=\"post-thumbnail-rollover layzr-bg layzr-bg\" ><img decoding=\"async\" class=\"blog-thumb-lazy-load preload-me lazy-load aspect\" src=\"data:image\/svg+xml,%3Csvg%20xmlns%3D&#39;http%3A%2F%2Fwww.w3.org%2F2000%2Fsvg&#39;%20viewBox%3D&#39;0%200%20708%20472&#39;%2F%3E\" data-src=\"https:\/\/obliquo.cloud\/wp-content\/uploads\/2018\/07\/obliquo_dual-708x472.png\" data-srcset=\"https:\/\/obliquo.cloud\/wp-content\/uploads\/2018\/07\/obliquo_dual-708x472.png 708w, https:\/\/obliquo.cloud\/wp-content\/uploads\/2018\/07\/obliquo_dual-708x471.png 708w\" loading=\"eager\" style=\"--ratio: 708 \/ 472\" sizes=\"(max-width: 708px) 100vw, 708px\" alt=\"mapas inteligentes en la nueva cartograf\u00eda\" title=\"obliquo_dual\" width=\"708\" height=\"472\"  \/><\/a>\n\t<\/div>\n<\/div>\n\n\n<div class=\"post-entry-content\">\n\n\t<h3 class=\"entry-title\">\n\t\t<a href=\"https:\/\/obliquo.cloud\/es\/mapas-inteligentes-cartografia\/\" title=\"Mapas inteligentes y su aportaci\u00f3n a la nueva cartograf\u00eda\" rel=\"bookmark\">Mapas inteligentes y su aportaci\u00f3n a la nueva cartograf\u00eda<\/a>\n\t<\/h3>\n\n\t<div class=\"entry-meta\"><span class=\"category-link\"><a href=\"https:\/\/obliquo.cloud\/es\/category\/noticias\/\" >Noticias<\/a><\/span><a class=\"author vcard\" href=\"https:\/\/obliquo.cloud\/es\/author\/obliquo\/\" title=\"Ver todas las publicaciones de Obliquo\" rel=\"author\">Por <span class=\"fn\">Obliquo<\/span><\/a><a href=\"https:\/\/obliquo.cloud\/es\/2018\/08\/09\/\" title=\"12:27\" class=\"data-link\" rel=\"bookmark\"><time class=\"entry-date updated\" datetime=\"2018-08-09T12:27:07+01:00\">09\/08\/2018<\/time><\/a><\/div>\n\t<div class=\"entry-excerpt\"><p>En INTERGEO 2017, la 65\u00aa Conferencia Cartogr\u00e1fica realizada por la Sociedad de Cartograf\u00eda Alemana (DGfK), se mostraron numerosos ejemplos sobre presentes y futuras aplicaciones del potencial de la nueva cartograf\u00eda. En dicha disciplina sobresale, por sus aplicaciones, tanto presentes como futuras, la representaci\u00f3n digital del entorno mediante mapas inteligentes. La tecnolog\u00eda GPS permiti\u00f3 el desarrollo&hellip;<\/p>\n<\/div>\n\t\n<a href=\"https:\/\/obliquo.cloud\/es\/mapas-inteligentes-cartografia\/\" class=\"post-details details-type-link\" aria-label=\"Read more about Mapas inteligentes y su aportaci\u00f3n a la nueva cartograf\u00eda\">Read more<i class=\"dt-icon-the7-arrow-03\" aria-hidden=\"true\"><\/i><\/a>\n\n<\/div><\/article><article class=\"post project-odd visible no-img post-1325 type-post status-publish format-standard hentry category-sin-categorizar tag-gis tag-ortofotos tag-software-geoespacial category-5 description-off\" data-name=\"Software geoespacial aplicado a la fotogrametr\u00eda\" data-date=\"2018-07-12T09:17:19+01:00\">\n\n<div class=\"post-entry-content\">\n\n\t<h3 class=\"entry-title\">\n\t\t<a href=\"https:\/\/obliquo.cloud\/es\/software-geoespacial-aplicado-a-la-fotogrametria\/\" title=\"Software geoespacial aplicado a la fotogrametr\u00eda\" rel=\"bookmark\">Software geoespacial aplicado a la fotogrametr\u00eda<\/a>\n\t<\/h3>\n\n\t<div class=\"entry-meta\"><span class=\"category-link\"><a href=\"https:\/\/obliquo.cloud\/es\/category\/sin-categorizar\/\" >Sin categorizar<\/a><\/span><a class=\"author vcard\" href=\"https:\/\/obliquo.cloud\/es\/author\/obliquo\/\" title=\"Ver todas las publicaciones de Obliquo\" rel=\"author\">Por <span class=\"fn\">Obliquo<\/span><\/a><a href=\"https:\/\/obliquo.cloud\/es\/2018\/07\/12\/\" title=\"09:17\" class=\"data-link\" rel=\"bookmark\"><time class=\"entry-date updated\" datetime=\"2018-07-12T09:17:19+01:00\">12\/07\/2018<\/time><\/a><\/div>\n\t<div class=\"entry-excerpt\"><p>Los sistemas de informaci\u00f3n geogr\u00e1fica ofrecen una forma efectiva de recopilar, almacenar, analizar y visualizar los datos espaciales que representan el mundo real de una manera clara y atractiva. La integraci\u00f3n online del GIS (Sistemas de Informaci\u00f3n Geogr\u00e1fica) y el SAP (sistema de gesti\u00f3n de activos), sirve para sumar las funciones de ambas tecnolog\u00edas, y&hellip;<\/p>\n<\/div>\n\t\n<a href=\"https:\/\/obliquo.cloud\/es\/software-geoespacial-aplicado-a-la-fotogrametria\/\" class=\"post-details details-type-link\" aria-label=\"Read more about Software geoespacial aplicado a la fotogrametr\u00eda\">Read more<i class=\"dt-icon-the7-arrow-03\" aria-hidden=\"true\"><\/i><\/a>\n\n<\/div><\/article><article class=\"post project-odd visible no-img post-1301 type-post status-publish format-standard hentry category-sin-categorizar tag-sig tag-sistema-de-informacion-geografica category-5 description-off\" data-name=\"Conoce el GIS, Sistema de informaci\u00f3n geogr\u00e1fica\" data-date=\"2018-06-20T17:54:56+01:00\">\n\n<div class=\"post-entry-content\">\n\n\t<h3 class=\"entry-title\">\n\t\t<a href=\"https:\/\/obliquo.cloud\/es\/gis-sistema-de-informacion-geografica\/\" title=\"Conoce el GIS, Sistema de informaci\u00f3n geogr\u00e1fica\" rel=\"bookmark\">Conoce el GIS, Sistema de informaci\u00f3n geogr\u00e1fica<\/a>\n\t<\/h3>\n\n\t<div class=\"entry-meta\"><span class=\"category-link\"><a href=\"https:\/\/obliquo.cloud\/es\/category\/sin-categorizar\/\" >Sin categorizar<\/a><\/span><a class=\"author vcard\" href=\"https:\/\/obliquo.cloud\/es\/author\/obliquo\/\" title=\"Ver todas las publicaciones de Obliquo\" rel=\"author\">Por <span class=\"fn\">Obliquo<\/span><\/a><a href=\"https:\/\/obliquo.cloud\/es\/2018\/06\/20\/\" title=\"17:54\" class=\"data-link\" rel=\"bookmark\"><time class=\"entry-date updated\" datetime=\"2018-06-20T17:54:56+01:00\">20\/06\/2018<\/time><\/a><\/div>\n\t<div class=\"entry-excerpt\"><p>El GIS (Sistema de Informaci\u00f3n Geogr\u00e1fica) o sistema de informaci\u00f3n geogr\u00e1fica es una herramienta que permite analizar, representar e integrar las operaciones comunes que se pueden realizar con diferentes hardware y software topogr\u00e1fico y cartogr\u00e1fico. Se trata de unificar en una misma plataforma el almacenamiento de datos espaciales del terreno, su tratamiento y modelizaci\u00f3n 3D,&hellip;<\/p>\n<\/div>\n\t\n<a href=\"https:\/\/obliquo.cloud\/es\/gis-sistema-de-informacion-geografica\/\" class=\"post-details details-type-link\" aria-label=\"Read more about Conoce el GIS, Sistema de informaci\u00f3n geogr\u00e1fica\">Read more<i class=\"dt-icon-the7-arrow-03\" aria-hidden=\"true\"><\/i><\/a>\n\n<\/div><\/article><article class=\"post project-odd visible no-img post-617 type-post status-publish format-standard hentry category-noticias category-9 description-off\" data-name=\"GTBi se une a nuestra red de partners\" data-date=\"2017-06-15T13:59:44+01:00\">\n\n<div class=\"post-entry-content\">\n\n\t<h3 class=\"entry-title\">\n\t\t<a href=\"https:\/\/obliquo.cloud\/es\/gtbi-se-une-nuestra-red-de-partners\/\" title=\"GTBi se une a nuestra red de partners\" rel=\"bookmark\">GTBi se une a nuestra red de partners<\/a>\n\t<\/h3>\n\n\t<div class=\"entry-meta\"><span class=\"category-link\"><a href=\"https:\/\/obliquo.cloud\/es\/category\/noticias\/\" >Noticias<\/a><\/span><a class=\"author vcard\" href=\"https:\/\/obliquo.cloud\/es\/author\/obliquo\/\" title=\"Ver todas las publicaciones de Obliquo\" rel=\"author\">Por <span class=\"fn\">Obliquo<\/span><\/a><a href=\"https:\/\/obliquo.cloud\/es\/2017\/06\/15\/\" title=\"13:59\" class=\"data-link\" rel=\"bookmark\"><time class=\"entry-date updated\" datetime=\"2017-06-15T13:59:44+01:00\">15\/06\/2017<\/time><\/a><a href=\"https:\/\/obliquo.cloud\/es\/gtbi-se-une-nuestra-red-de-partners\/#respond\" class=\"comment-link\" >Deja un comentario<\/a><\/div>\n\t<div class=\"entry-excerpt\"><p>Nos complace anunciar que GeoTool Box Ib\u00e9rica S. L. se ha unido a nuestra red de\u00a0partners como Distribuidor Autorizado e Integrador de Obliquo. \u00abDamos la bienvenida a GTBi a la familia Obliquo. GTBi es una empresa muy reconocida en Iberia y Latinoam\u00e9rica y esperamos tener\u00a0una cooperaci\u00f3n exitosa, ampliando el uso de im\u00e1genes oblicuas y proporcionando&hellip;<\/p>\n<\/div>\n\t\n<a href=\"https:\/\/obliquo.cloud\/es\/gtbi-se-une-nuestra-red-de-partners\/\" class=\"post-details details-type-link\" aria-label=\"Read more about GTBi se une a nuestra red de partners\">Read more<i class=\"dt-icon-the7-arrow-03\" aria-hidden=\"true\"><\/i><\/a>\n\n<\/div><\/article><article class=\"post project-odd visible no-img post-360 type-post status-publish format-standard hentry category-sig category-10 description-off\" data-name=\"SIG como servicio. \u00bfEvoluci\u00f3n o revoluci\u00f3n?\" data-date=\"2017-04-20T10:40:53+01:00\">\n\n<div class=\"post-entry-content\">\n\n\t<h3 class=\"entry-title\">\n\t\t<a href=\"https:\/\/obliquo.cloud\/es\/sig-como-servicio-evolucion-o-revolucion\/\" title=\"SIG como servicio. \u00bfEvoluci\u00f3n o revoluci\u00f3n?\" rel=\"bookmark\">SIG como servicio. \u00bfEvoluci\u00f3n o revoluci\u00f3n?<\/a>\n\t<\/h3>\n\n\t<div class=\"entry-meta\"><span class=\"category-link\"><a href=\"https:\/\/obliquo.cloud\/es\/category\/sig\/\" >SIG<\/a><\/span><a class=\"author vcard\" href=\"https:\/\/obliquo.cloud\/es\/author\/obliquo\/\" title=\"Ver todas las publicaciones de Obliquo\" rel=\"author\">Por <span class=\"fn\">Obliquo<\/span><\/a><a href=\"https:\/\/obliquo.cloud\/es\/2017\/04\/20\/\" title=\"10:40\" class=\"data-link\" rel=\"bookmark\"><time class=\"entry-date updated\" datetime=\"2017-04-20T10:40:53+01:00\">20\/04\/2017<\/time><\/a><a href=\"https:\/\/obliquo.cloud\/es\/sig-como-servicio-evolucion-o-revolucion\/#respond\" class=\"comment-link\" >Deja un comentario<\/a><\/div>\n\t<div class=\"entry-excerpt\"><p>El auge de la computaci\u00f3n en la nube de los \u00faltimos a\u00f1os, as\u00ed como la aparici\u00f3n de los nuevos paradigmas de distribuci\u00f3n de software como servicio: SaaS (Software as a Service), PaaS (Platform as a Service) and DaaS (Data as a Service) han permitido la aparici\u00f3n de nuevas plataformas y modelos de difusi\u00f3n de la&hellip;<\/p>\n<\/div>\n\t\n<a href=\"https:\/\/obliquo.cloud\/es\/sig-como-servicio-evolucion-o-revolucion\/\" class=\"post-details details-type-link\" aria-label=\"Read more about SIG como servicio. \u00bfEvoluci\u00f3n o revoluci\u00f3n?\">Read more<i class=\"dt-icon-the7-arrow-03\" aria-hidden=\"true\"><\/i><\/a>\n\n<\/div><\/article><\/div>[\/vc_column][vc_column width=\u00bb1\/3&#8243;][vc_widget_sidebar show_bg=\u00bbfalse\u00bb sidebar_id=\u00bbsidebar_1&#8243;][\/vc_column][\/vc_row]<\/p>\n<\/div>","protected":false},"excerpt":{"rendered":"<p>[vc_row full_width=\u00bbstretch_row_content_no_spaces\u00bb][vc_column][vc_empty_space height=\u00bb120px\u00bb css=\u00bb.vc_custom_1566805613218{background-color: #085024 !important;}\u00bb][\/vc_column][\/vc_row][vc_row full_width=\u00bbstretch_row_content_no_spaces\u00bb][vc_column width=\u00bb1\/3&#8243;][\/vc_column][vc_column width=\u00bb1\/3&#8243;][vc_custom_heading text=\u00bbBlog\u00bb font_container=\u00bbtag:h2|text_align:center|color:%23085024&#8243; use_theme_fonts=\u00bbyes\u00bb css=\u00bb.vc_custom_1566806425341{padding-top: 100px !important;padding-bottom: 100px !important;}\u00bb][\/vc_column][vc_column width=\u00bb1\/3&#8243;][\/vc_column][\/vc_row][vc_row][vc_column width=\u00bb2\/3&#8243;][\/vc_column][vc_column width=\u00bb1\/3&#8243;][vc_widget_sidebar show_bg=\u00bbfalse\u00bb sidebar_id=\u00bbsidebar_1&#8243;][\/vc_column][\/vc_row]<\/p>\n","protected":false},"author":53,"featured_media":0,"parent":0,"menu_order":0,"comment_status":"closed","ping_status":"closed","template":"","meta":{"_et_pb_use_builder":"","_et_pb_old_content":"","_et_gb_content_width":"","om_disable_all_campaigns":false,"_monsterinsights_skip_tracking":false,"_monsterinsights_sitenote_active":false,"_monsterinsights_sitenote_note":"","_monsterinsights_sitenote_category":0,"footnotes":""},"aioseo_notices":[],"_links":{"self":[{"href":"https:\/\/obliquo.cloud\/es\/wp-json\/wp\/v2\/pages\/997"}],"collection":[{"href":"https:\/\/obliquo.cloud\/es\/wp-json\/wp\/v2\/pages"}],"about":[{"href":"https:\/\/obliquo.cloud\/es\/wp-json\/wp\/v2\/types\/page"}],"author":[{"embeddable":true,"href":"https:\/\/obliquo.cloud\/es\/wp-json\/wp\/v2\/users\/53"}],"replies":[{"embeddable":true,"href":"https:\/\/obliquo.cloud\/es\/wp-json\/wp\/v2\/comments?post=997"}],"version-history":[{"count":4,"href":"https:\/\/obliquo.cloud\/es\/wp-json\/wp\/v2\/pages\/997\/revisions"}],"predecessor-version":[{"id":2292,"href":"https:\/\/obliquo.cloud\/es\/wp-json\/wp\/v2\/pages\/997\/revisions\/2292"}],"wp:attachment":[{"href":"https:\/\/obliquo.cloud\/es\/wp-json\/wp\/v2\/media?parent=997"}],"curies":[{"name":"wp","href":"https:\/\/api.w.org\/{rel}","templated":true}]}}